{"id":185,"date":"2024-03-03T16:51:38","date_gmt":"2024-03-03T16:51:38","guid":{"rendered":"https:\/\/zalohovaci-system.cz\/?page_id=185"},"modified":"2024-03-21T14:47:30","modified_gmt":"2024-03-21T14:47:30","slug":"zalohovani-cr","status":"publish","type":"page","link":"https:\/\/zalohovaci-system.cz\/vi\/zalohovani-cr\/","title":{"rendered":"Backup"},"content":{"rendered":"<p>[et_pb_section fb_built=&#8220;1&#8243; _builder_version=&#8220;4.24.2&#8243; _module_preset=&#8220;default&#8220; global_colors_info=&#8220;{}&#8220;][et_pb_row _builder_version=&#8220;4.24.2&#8243; _module_preset=&#8220;default&#8220; global_colors_info=&#8220;{}&#8220;][et_pb_column type=&#8220;4_4&#8243; _builder_version=&#8220;4.24.2&#8243; _module_preset=&#8220;default&#8220; global_colors_info=&#8220;{}&#8220;][et_pb_text _builder_version=&#8220;4.24.2&#8243; text_font=&#8220;||||||||&#8220; text_font_size=&#8220;18px&#8220; text_line_height=&#8220;1.8em&#8220; header_font=&#8220;Poppins|700||on|||||&#8220; header_text_color=&#8220;#009640&#8243; header_font_size=&#8220;60px&#8220; header_line_height=&#8220;1.2em&#8220; background_layout=&#8220;dark&#8220; custom_margin=&#8220;||12px|||&#8220; header_font_size_tablet=&#8220;48px&#8220; header_font_size_phone=&#8220;32px&#8220; header_font_size_last_edited=&#8220;on|phone&#8220; header_letter_spacing_tablet=&#8220;0px&#8220; header_letter_spacing_phone=&#8220;&#8220; header_letter_spacing_last_edited=&#8220;on|tablet&#8220; locked=&#8220;off&#8220; global_colors_info=&#8220;{}&#8220;]<\/p>\n<h1>SAO L\u01afU CHAI PET V\u00c0 LON ALU T\u1ea0I C\u1ed8NG H\u00d2A S\u00c9C<\/h1>\n<p>[\/et_pb_text][et_pb_text _builder_version=&#8220;4.24.2&#8243; _module_preset=&#8220;default&#8220; text_font=&#8220;Poppins||||||||&#8220; text_font_size=&#8220;20px&#8220; custom_margin=&#8220;||18px|||&#8220; global_colors_info=&#8220;{}&#8220;]<\/p>\n<p><strong>TH\u1eec NGHI\u1ec6M \u0110\u1ea6U TI\u00caN C\u1ee6A M\u00c1Y D\u1ef0 PH\u00d2NG L\u00c0 M\u1ed8T TH\u00c0NH C\u00d4NG. S\u1ebc C\u00d3 NHI\u1ec0U H\u01a0N TRONG S\u1ed0 H\u1ecc T\u1ea0I C\u1ed8NG H\u00d2A S\u00c9C.<\/strong><\/p>\n<p>[\/et_pb_text][et_pb_text _builder_version=&#8220;4.24.2&#8243; _module_preset=&#8220;default&#8220; custom_margin=&#8220;0px|||||&#8220; custom_padding=&#8220;|||0px||&#8220; global_colors_info=&#8220;{}&#8220;]<\/p>\n<p>Nh\u1eefng chi\u1ebfc m\u00e1y tr\u1ea3 l\u1ea1i chai v\u00e0 lon PET \u0111\u1ea7u ti\u00ean xu\u1ea5t hi\u1ec7n \u1edf C\u1ed9ng h\u00f2a S\u00e9c. Hi\u1ec7n t\u1ea1i, ch\u1ec9 c\u00f3 \u1edf m\u1ed9t s\u1ed1 c\u1eeda h\u00e0ng Lidl v\u00e0 Kaufland \u0111\u01b0\u1ee3c ch\u1ecdn, nh\u01b0ng ch\u00fang s\u1ebd \u0111\u01b0\u1ee3c b\u1ed5 sung trong t\u01b0\u01a1ng lai. \u1ede n\u01b0\u1edbc l\u00e1ng gi\u1ec1ng Slovakia, nh\u1eefng chi\u1ebfc m\u00e1y nh\u01b0 v\u1eady \u0111\u00e3 ho\u1ea1t \u0111\u1ed9ng tr\u00ean di\u1ec7n r\u1ed9ng. \u1ede n\u01b0\u1edbc ta, ch\u00fang ta v\u1eabn c\u00f2n t\u1ee5t h\u1eadu trong vi\u1ec7c sao l\u01b0u bao b\u00ec \u0111\u1ed3 u\u1ed1ng, nh\u01b0ng \u0111i\u1ec1u n\u00e0y c\u00f3 th\u1ec3 \u0111\u01b0\u1ee3c thay \u0111\u1ed5i b\u1edfi lu\u1eadt m\u1edbi m\u00e0 B\u1ed9 M\u00f4i tr\u01b0\u1eddng mu\u1ed1n ban h\u00e0nh trong n\u0103m nay. Ngo\u00e0i vi\u1ec7c h\u1ed7 tr\u1ee3 t\u00e1i ch\u1ebf, bao b\u00ec \u0111\u1ed3 u\u1ed1ng d\u1ef1 ph\u00f2ng s\u1ebd \u0111\u01b0a C\u1ed9ng h\u00f2a S\u00e9c \u0111\u1ebfn g\u1ea7n h\u01a1n v\u1edbi vi\u1ec7c \u0111\u1ea1t \u0111\u01b0\u1ee3c c\u00e1c m\u1ee5c ti\u00eau sinh th\u00e1i c\u1ee7a Li\u00ean minh Ch\u00e2u \u00c2u, n\u01a1i c\u1ed1 g\u1eafng gi\u1ea3m \u0111\u00e1ng k\u1ec3 nh\u1ef1a v\u00e0 bao b\u00ec d\u00f9ng m\u1ed9t l\u1ea7n.<\/p>\n<p>C\u00e1c c\u00f4ng ty n\u1ed7 l\u1ef1c v\u1eadn h\u00e0nh b\u1ec1n v\u1eefng v\u1edbi m\u00f4i tr\u01b0\u1eddng \u0111\u00e3 th\u1eed nghi\u1ec7m vi\u1ec7c sao l\u01b0u m\u1ed9t s\u1ed1 lo\u1ea1i bao b\u00ec. S\u1ef1 th\u1eadt l\u00e0 th\u1ebf gi\u1edbi tr\u00e0n ng\u1eadp nh\u1ef1a v\u00e0 bao b\u00ec d\u00f9ng m\u1ed9t l\u1ea7n. R\u00f5 r\u00e0ng l\u00e0 s\u1edbm hay mu\u1ed9n ch\u00fang ta c\u0169ng s\u1ebd ph\u1ea3i gi\u1ea3i quy\u1ebft v\u1ea5n \u0111. Ch\u00ednh vi\u1ec7c sao l\u01b0u bao b\u00ec \u0111\u1ed3 u\u1ed1ng s\u1ebd l\u00e0m gi\u1ea3m c\u00e1c bi\u1ebfn ch\u1ee9ng sinh th\u00e1i c\u00f3 th\u1ec3 x\u1ea3y ra li\u00ean quan \u0111\u1ebfn nh\u1ef1a v\u00e0 ch\u1ea5t th\u1ea3i kh\u00f4ng c\u1ea7n thi\u1ebft. M\u1ed9t s\u1ed1 c\u00f4ng ty t\u01b0 nh\u00e2n \u0111\u00e3 x\u00e1c nh\u1eadn r\u1eb1ng c\u00f3 n\u1ed7 l\u1ef1c ph\u00e2n lo\u1ea1i v\u00e0 tr\u1ea3 l\u1ea1i bao b\u00ec \u0111\u1ed3 u\u1ed1ng \u1edf C\u1ed9ng h\u00f2a S\u00e9c. Trong s\u1ed1 nh\u1eefng ng\u01b0\u1eddi ti\u00ean phong trong n\u01b0\u1edbc v\u1ec1 bao b\u00ec \u0111\u1ed3 u\u1ed1ng c\u00f3 th\u1ec3 tr\u1ea3 l\u1ea1i, v\u00ed d\u1ee5, c\u1eeda h\u00e0ng \u0111i\u1ec7n t\u1eed Ko\u0161\u00edk v\u00e0 Rohl\u00edk.cz, nh\u1eefng ng\u01b0\u1eddi \u0111\u00e3 h\u1ee3p t\u00e1c v\u1edbi c\u00e1c nh\u00e0 s\u1ea3n xu\u1ea5t \u0111\u1ed3 u\u1ed1ng Mattoni 1873 v\u00e0 ZON nh\u01b0 m\u1ed9t ph\u1ea7n c\u1ee7a vi\u1ec7c tr\u1ea3 l\u1ea1i bao b\u00ec. G\u1ea7n \u0111\u00e2y, c\u00e1c chu\u1ed7i b\u00e1n l\u1ebb l\u1edbn c\u0169ng b\u1eaft \u0111\u1ea7u \u0111\u01b0\u1ee3c b\u1ed5 sung, Lidl v\u00e0 Kaufland \u0111\u00e3 th\u1eed nghi\u1ec7m m\u00e1y b\u00e1n h\u00e0ng t\u1ef1 \u0111\u1ed9ng \u0111\u1ec3 tr\u1ea3 l\u1ea1i h\u1ed9p \u0111\u1ef1ng \u0111\u1ed3 u\u1ed1ng.<\/p>\n<p>Tuy nhi\u00ean, n\u00f3 kh\u00f4ng ph\u1ea3i l\u00e0 m\u1ed9t b\u1ea3n sao l\u01b0u theo \u0111\u00fang ngh\u0129a c\u1ee7a t\u1eeb n\u00e0y. C\u00e1c chu\u1ed7i b\u00e1n l\u1ebb ch\u01b0a c\u00f3 h\u1ee3p \u0111\u1ed3ng v\u1edbi c\u00e1c nh\u00e0 s\u1ea3n xu\u1ea5t c\u1ee5 th\u1ec3 m\u00e0 h\u1ecd s\u1ebd tr\u1ea3 l\u1ea1i bao b\u00ec. Bao b\u00ec \u0111\u00e3 \u0111\u01b0\u1ee3c tr\u1ea3 l\u1ea1i cho m\u00e1y b\u00e1n h\u00e0ng t\u1ef1 \u0111\u1ed9ng s\u1ebd \u0111\u01b0\u1ee3c \u0111\u01b0a v\u00e0o b\u00e3i thu gom v\u00e0o th\u1eddi \u0111i\u1ec3m hi\u1ec7n t\u1ea1i. Cho \u0111\u1ebfn nay, h\u1ec7 th\u1ed1ng th\u00ed \u0111i\u1ec3m m\u00e1y tr\u1ea3 l\u1ea1i ch\u1ec9 ki\u1ec3m tra m\u1ee9c \u0111\u1ed9 s\u1eb5n l\u00f2ng tr\u1ea3 l\u1ea1i h\u1ed9p \u0111\u1ef1ng \u0111\u1ed3 u\u1ed1ng c\u1ee7a kh\u00e1ch h\u00e0ng v\u00e0 gi\u1edbi thi\u1ec7u cho h\u1ecd m\u1ed9t lo\u1ea1i m\u00e1y tr\u1ea3 l\u1ea1i m\u1edbi. \u0110\u00e2y l\u00e0 m\u1ed9t b\u01b0\u1edbc ti\u1ebfn l\u1edbn c\u1ee7a c\u00e1c chu\u1ed7i b\u00e1n l\u1ebb l\u1edbn nh\u1ea5t tr\u00ean th\u1ecb tr\u01b0\u1eddng c\u1ee7a ch\u00fang t\u00f4i. Giai \u0111o\u1ea1n th\u1eed nghi\u1ec7m s\u1ebd \u0111\u01b0a ch\u1ee7 \u0111\u1ec1 gi\u1edbi thi\u1ec7u h\u1ec7 th\u1ed1ng d\u1ef1 ph\u00f2ng \u0111\u00f3ng g\u00f3i \u0111\u1ed3 u\u1ed1ng \u0111\u1ebfn g\u1ea7n h\u01a1n v\u1edbi c\u00e1c chu\u1ed7i, ch\u00ednh tr\u1ecb gia v\u00e0 c\u00f4ng ch\u00fang kh\u00e1c.<\/p>\n<p>S\u1ef1 s\u1eb5n l\u00f2ng tr\u1ea3 l\u1ea1i bao b\u00ec c\u1ee7a kh\u00e1ch h\u00e0ng c\u00f3 th\u1ec3 g\u00e2y ng\u1ea1c nhi\u00ean. L\u00e0 m\u1ed9t ph\u1ea7n c\u1ee7a d\u1ef1 \u00e1n th\u00ed \u0111i\u1ec3m ho\u1ea1t \u0111\u1ed9ng t\u1ea1i s\u00e1u c\u1eeda h\u00e0ng c\u1ee7a chu\u1ed7i Kaufland v\u00e0 Lidl, kh\u00e1ch h\u00e0ng \u0111\u00e3 tr\u1ea3 l\u1ea1i h\u01a1n 540.000 bao b\u00ec trong 7 th\u00e1ng, ngay c\u1ea3 khi kh\u00f4ng c\u00f3 \u0111\u1ed9ng c\u01a1 t\u00e0i ch\u00ednh tr\u1ef1c ti\u1ebfp. Kh\u00e1ch h\u00e0ng nh\u1eadn \u0111\u01b0\u1ee3c m\u00e3 gi\u1ea3m gi\u00e1 cho lo\u1ea1i \u0111\u00e3 ch\u1ecdn \u0111\u1ec3 tr\u1ea3 l\u1ea1i bao b\u00ec. S\u1ed1 l\u01b0\u1ee3ng m\u00e1y m\u00f3c s\u1ebd t\u0103ng l\u00ean sau th\u00e0nh c\u00f4ng ban \u0111\u1ea7u v\u00e0 c\u0169ng s\u1ebd lan sang c\u00e1c th\u00e0nh ph\u1ed1 kh\u00e1c. C\u00e1c chu\u1ed7i mua s\u1eafm thu\u1ed9c t\u1eadp \u0111o\u00e0n Schwarz, \u0111\u00e3 cam k\u1ebft gi\u1ea3m 20% l\u01b0\u1ee3ng r\u00e1c th\u1ea3i nh\u1ef1a v\u00e0o n\u0103m 2025 nh\u01b0 m\u1ed9t ph\u1ea7n c\u1ee7a chi\u1ebfn l\u01b0\u1ee3c REset Plastic %.<\/p>\n<p>[\/et_pb_text][\/et_pb_column][\/et_pb_row][et_pb_row _builder_version=&#8220;4.24.2&#8243; _module_preset=&#8220;default&#8220; custom_padding=&#8220;0px|||||&#8220; global_colors_info=&#8220;{}&#8220;][et_pb_column type=&#8220;4_4&#8243; _builder_version=&#8220;4.24.2&#8243; _module_preset=&#8220;default&#8220; global_colors_info=&#8220;{}&#8220;][et_pb_slider _builder_version=&#8220;4.24.2&#8243; _module_preset=&#8220;default&#8220; background_color=&#8220;RGBA(255,255,255,0)&#8220; background_image=&#8220;https:\/\/zalohovaci-system.cz\/wp-content\/uploads\/2024\/03\/Footer-pozadi.png&#8220; custom_padding=&#8220;40px||40px|||&#8220; global_colors_info=&#8220;{}&#8220;][et_pb_slide heading=&#8220;C\u00cdLE PRO ZP\u011aTN\u00dd ODB\u011aR&#8220; _builder_version=&#8220;4.24.2&#8243; _module_preset=&#8220;default&#8220; global_colors_info=&#8220;{}&#8220; sticky_transition=&#8220;on&#8220;]<\/p>\n<p align=\"center\"><b><span>M\u1ee9c thu h\u1ed3i t\u1ed1i thi\u1ec3u c\u1ee7a bao b\u00ec d\u00f9ng m\u1ed9t l\u1ea7n d\u1ef1 ph\u00f2ng \u0111\u00e3 ch\u1ecdn cho nh\u1eefng n\u0103m ti\u1ebfp theo.<\/span><\/b><\/p>\n<p>[\/et_pb_slide][et_pb_slide heading=&#8220;2026&#8243; _builder_version=&#8220;4.24.2&#8243; _module_preset=&#8220;default&#8220; header_level=&#8220;h1&#8243; header_font=&#8220;Poppins|||on|||||&#8220; header_text_color=&#8220;#FFFFFF&#8220; body_font=&#8220;Poppins|||on|||||&#8220; global_colors_info=&#8220;{}&#8220; sticky_transition=&#8220;on&#8220;]<\/p>\n<p>CHAI N\u01af\u1edaC GI\u1ea2I KH\u00c1T B\u1eb0NG NH\u1ef0A TH\u1ea2I <strong>72 %<\/strong> TR\u1eccNG L\u01af\u1ee2NG BAO B\u00cc \u0110\u01afA RA TH\u1eca TR\u01af\u1edcNG<\/p>\n<p>TH\u00d9NG KIM LO\u1ea0I TH\u1ea2I \u0110\u1ef0NG \u0110\u1ed2 U\u1ed0NG <strong>72 %<\/strong> TR\u1eccNG L\u01af\u1ee2NG BAO B\u00cc \u0110\u01afA RA TH\u1eca TR\u01af\u1edcNG<\/p>\n<p>[\/et_pb_slide][et_pb_slide heading=&#8220;2027&#8243; _builder_version=&#8220;4.24.2&#8243; _module_preset=&#8220;default&#8220; header_level=&#8220;h1&#8243; header_font=&#8220;Poppins|||on|||||&#8220; header_text_color=&#8220;#FFFFFF&#8220; body_font=&#8220;Poppins|||on|||||&#8220; global_colors_info=&#8220;{}&#8220; sticky_transition=&#8220;on&#8220;]<\/p>\n<p>CHAI N\u01af\u1edaC GI\u1ea2I KH\u00c1T B\u1eb0NG NH\u1ef0A TH\u1ea2I <strong>82 %<\/strong> TR\u1eccNG L\u01af\u1ee2NG BAO B\u00cc \u0110\u01afA RA TH\u1eca TR\u01af\u1edcNG<\/p>\n<p>TH\u00d9NG KIM LO\u1ea0I TH\u1ea2I \u0110\u1ef0NG \u0110\u1ed2 U\u1ed0NG <strong>82 %<\/strong> TR\u1eccNG L\u01af\u1ee2NG BAO B\u00cc \u0110\u01afA RA TH\u1eca TR\u01af\u1edcNG<\/p>\n<p>[\/et_pb_slide][et_pb_slide heading=&#8220;2028&#8243; _builder_version=&#8220;4.24.2&#8243; _module_preset=&#8220;default&#8220; header_level=&#8220;h1&#8243; header_font=&#8220;Poppins|||on|||||&#8220; header_text_color=&#8220;#FFFFFF&#8220; body_font=&#8220;Poppins|||on|||||&#8220; global_colors_info=&#8220;{}&#8220; sticky_transition=&#8220;on&#8220;]<\/p>\n<p>CHAI N\u01af\u1edaC GI\u1ea2I KH\u00c1T B\u1eb0NG NH\u1ef0A TH\u1ea2I <strong>87 %<\/strong> TR\u1eccNG L\u01af\u1ee2NG BAO B\u00cc \u0110\u01afA RA TH\u1eca TR\u01af\u1edcNG<\/p>\n<p>TH\u00d9NG KIM LO\u1ea0I TH\u1ea2I \u0110\u1ef0NG \u0110\u1ed2 U\u1ed0NG <strong>87 %<\/strong> TR\u1eccNG L\u01af\u1ee2NG BAO B\u00cc \u0110\u01afA RA TH\u1eca TR\u01af\u1edcNG<\/p>\n<p>[\/et_pb_slide][et_pb_slide heading=&#8220;2029&#8230;&#8220; _builder_version=&#8220;4.24.2&#8243; _module_preset=&#8220;default&#8220; header_level=&#8220;h1&#8243; header_font=&#8220;Poppins|||on|||||&#8220; header_text_color=&#8220;#FFFFFF&#8220; body_font=&#8220;Poppins|||on|||||&#8220; global_colors_info=&#8220;{}&#8220; sticky_transition=&#8220;on&#8220;]<\/p>\n<p>CHAI N\u01af\u1edaC GI\u1ea2I KH\u00c1T B\u1eb0NG NH\u1ef0A TH\u1ea2I <strong>91,5 %<\/strong> TR\u1eccNG L\u01af\u1ee2NG BAO B\u00cc \u0110\u01afA RA TH\u1eca TR\u01af\u1edcNG<\/p>\n<p>TH\u00d9NG KIM LO\u1ea0I TH\u1ea2I \u0110\u1ef0NG \u0110\u1ed2 U\u1ed0NG <strong>90 %<\/strong> TR\u1eccNG L\u01af\u1ee2NG BAO B\u00cc \u0110\u01afA RA TH\u1eca TR\u01af\u1edcNG<\/p>\n<p>[\/et_pb_slide][\/et_pb_slider][et_pb_text _builder_version=&#8220;4.24.2&#8243; _module_preset=&#8220;default&#8220; custom_margin=&#8220;0px|||||&#8220; custom_padding=&#8220;|||0px||&#8220; global_colors_info=&#8220;{}&#8220;]<\/p>\n<p>B\u1ed9 M\u00f4i tr\u01b0\u1eddng ghi nh\u1eadn n\u1ed7 l\u1ef1c c\u1ee7a c\u00e1c chu\u1ed7i v\u00e0 hy v\u1ecdng nh\u1edd ch\u1ebf \u0111\u1ed9 th\u1eed nghi\u1ec7m, s\u1ef1 s\u1eb5n l\u00f2ng tr\u1ea3 l\u1ea1i bao b\u00ec \u0111\u1ed3 u\u1ed1ng c\u1ee7a kh\u00e1ch h\u00e0ng s\u1ebd \u0111\u01b0\u1ee3c x\u00e1c minh. T\u1ea1i Slovakia, h\u1ec7 th\u1ed1ng d\u1ef1 ph\u00f2ng \u0111\u00e3 ho\u1ea1t \u0111\u1ed9ng t\u1eeb n\u0103m 2022 v\u00e0 k\u1ebft qu\u1ea3 v\u01b0\u1ee3t qu\u00e1 m\u1ecdi mong \u0111\u1ee3i. G\u1ea7n 70% h\u1ed9p \u0111\u1ef1ng \u0111\u1ed3 u\u1ed1ng \u0111\u01b0\u1ee3c \u0111\u01b0a tr\u1edf l\u1ea1i l\u01b0u th\u00f4ng v\u00e0 s\u1ed1 l\u01b0\u1ee3ng chai v\u00e0 lon PET b\u1ecb n\u00e9m \u0111\u00e3 gi\u1ea3m \u0111\u00e1ng k\u1ec3 kh\u00f4ng ch\u1ec9 tr\u00ean \u0111\u01b0\u1eddng ph\u1ed1 m\u00e0 c\u00f2n trong t\u1ef1 nhi\u00ean. T\u1ea1i C\u1ed9ng h\u00f2a S\u00e9c, m\u1ed9t d\u1ef1 th\u1ea3o lu\u1eadt v\u1ec1 ti\u1ebfn b\u1ed9 hi\u1ec7n \u0111ang \u0111\u01b0\u1ee3c chu\u1ea9n b\u1ecb, cho ph\u00e9p sao l\u01b0u b\u1ec1 m\u1eb7t chai v\u00e0 lon PET.<\/p>\n<p>B\u1ed9 tr\u01b0\u1edfng B\u1ed9 M\u00f4i tr\u01b0\u1eddng \u01b0\u1edbc t\u00ednh kh\u1ea3 n\u0103ng b\u1eaft \u0111\u1ea7u d\u1ef1 ph\u00f2ng t\u1ea1i C\u1ed9ng h\u00f2a S\u00e9c c\u00f3 th\u1ec3 x\u1ea3y ra v\u00e0o gi\u1eefa n\u0103m 2025. Ti\u1ec1n \u0111\u1eb7t c\u1ecdc ph\u1ea3i bao g\u1ed3m bao b\u00ec t\u1eeb n\u01b0\u1edbc gi\u1ea3i kh\u00e1t t\u1eeb 0,1 \u2013 3 l\u00edt v\u00e0 \u0111\u1ed3 u\u1ed1ng c\u00f3 c\u1ed3n c\u00f3 h\u00e0m l\u01b0\u1ee3ng c\u1ed3n l\u00ean t\u1edbi 15. Th\u01b0\u01a1ng nh\u00e2n n\u00ean \u0111\u01b0\u1ee3c y\u00eau c\u1ea7u cung c\u1ea5p cho kh\u00e1ch h\u00e0ng m\u1ed9t n\u01a1i \u0111\u1ec3 tr\u1edf l\u1ea1i trong c\u00e1c c\u1eeda h\u00e0ng tr\u00ean 50 m\u00e9t vu\u00f4ng. C\u00e1c tr\u1ea1m x\u0103ng c\u0169ng n\u00ean tham gia. T\u1ed5ng c\u1ed9ng, kho\u1ea3ng 11.000 \u0111i\u1ec3m tr\u1ea3 v\u1ec1 s\u1ebd \u0111\u01b0\u1ee3c t\u1ea1o ra \u1edf C\u1ed9ng h\u00f2a S\u00e9c. C\u00e1c th\u00e0nh ph\u1ed1 kh\u00f4ng t\u1ea1o ra \u0111\u1ecba \u0111i\u1ec3m ho\u00e0n l\u1ea1i ti\u1ec1n s\u1ebd c\u00f3 tr\u00e1ch nhi\u1ec7m tr\u1ea3 l\u1ea1i cho nh\u00e0 \u0111i\u1ec1u h\u00e0nh h\u1ec7 th\u1ed1ng.<\/p>\n<p>Theo kh\u1ea3o s\u00e1t c\u1ee7a c\u00e1c chu\u1ed7i th\u00ed \u0111i\u1ec3m, kh\u00e1ch h\u00e0ng s\u1ebd s\u1eb5n s\u00e0ng tr\u1ea3 ti\u1ec1n \u0111\u1eb7t c\u1ecdc v\u1edbi s\u1ed1 ti\u1ec1n t\u01b0\u01a1ng t\u1ef1 nh\u01b0 \u0111\u1ed1i v\u1edbi chai bia, t\u1ee9c l\u00e0 3 v\u01b0\u01a1ng mi\u1ec7n.<\/p>\n<p>[\/et_pb_text][et_pb_text _builder_version=&#8220;4.24.2&#8243; _module_preset=&#8220;default&#8220; text_font=&#8220;Poppins||||||||&#8220; text_font_size=&#8220;20px&#8220; custom_margin=&#8220;||9px|||&#8220; global_colors_info=&#8220;{}&#8220;]<\/p>\n<p><strong>B\u1ea1n kh\u00f4ng mu\u1ed1n \u0111\u1ee3i lu\u1eadt s\u1eafp t\u1edbi ra l\u1ec7nh cho b\u1ea1n sao l\u01b0u? Chu\u1ea9n b\u1ecb k\u1ecbp th\u1eddi. Ch\u00fang t\u00f4i c\u00f3 gi\u1ea3i ph\u00e1p!<\/strong><\/p>\n<p>[\/et_pb_text][et_pb_button button_url=&#8220;https:\/\/zalohovaci-automat.cz\/&#8220; button_text=&#8220;Chci v\u011bd\u011bt v\u00edc&#8220; button_alignment=&#8220;center&#8220; _builder_version=&#8220;4.24.2&#8243; _module_preset=&#8220;default&#8220; custom_button=&#8220;on&#8220; button_bg_color=&#8220;#6ac610&#8243; button_border_color=&#8220;RGBA(255,255,255,0)&#8220; background_layout=&#8220;dark&#8220; locked=&#8220;off&#8220; global_colors_info=&#8220;{}&#8220;][\/et_pb_button][\/et_pb_column][\/et_pb_row][\/et_pb_section]<\/p>","protected":false},"excerpt":{"rendered":"<p>z\u00e1lohov\u00e1n\u00ed pet l\u00e1hv\u00ed a alu plechovek v \u010drPRVN\u00cd TESTOV\u00c1N\u00cd Z\u00c1LOHOVAC\u00cdCH AUTOMAT\u016e M\u00c1 \u00daSP\u011aCH. V \u010cESKU JICH P\u0158IBUDE.V\u00a0\u010cesku se objevily prvn\u00ed automaty na vracen\u00ed PET l\u00e1hv\u00ed a plechovek. Aktu\u00e1ln\u011b sice jen v n\u011bkolika vybran\u00fdch prodejn\u00e1ch Lidlu a Kauflandu, ale do budoucna jich p\u0159ibude. V\u00a0sousedn\u00edm Slovensku u\u017e takov\u00e9 automaty funguj\u00ed plo\u0161n\u011b. U n\u00e1s zat\u00edm se z\u00e1lohov\u00e1n\u00edm n\u00e1pojov\u00fdch [&hellip;]<\/p>","protected":false},"author":1,"featured_media":0,"parent":0,"menu_order":0,"comment_status":"closed","ping_status":"closed","template":"","meta":{"_et_pb_use_builder":"on","_et_pb_old_content":"","_et_gb_content_width":"","footnotes":""},"class_list":["post-185","page","type-page","status-publish","hentry"],"_links":{"self":[{"href":"https:\/\/zalohovaci-system.cz\/vi\/wp-json\/wp\/v2\/pages\/185","targetHints":{"allow":["GET"]}}],"collection":[{"href":"https:\/\/zalohovaci-system.cz\/vi\/wp-json\/wp\/v2\/pages"}],"about":[{"href":"https:\/\/zalohovaci-system.cz\/vi\/wp-json\/wp\/v2\/types\/page"}],"author":[{"embeddable":true,"href":"https:\/\/zalohovaci-system.cz\/vi\/wp-json\/wp\/v2\/users\/1"}],"replies":[{"embeddable":true,"href":"https:\/\/zalohovaci-system.cz\/vi\/wp-json\/wp\/v2\/comments?post=185"}],"version-history":[{"count":11,"href":"https:\/\/zalohovaci-system.cz\/vi\/wp-json\/wp\/v2\/pages\/185\/revisions"}],"predecessor-version":[{"id":300,"href":"https:\/\/zalohovaci-system.cz\/vi\/wp-json\/wp\/v2\/pages\/185\/revisions\/300"}],"wp:attachment":[{"href":"https:\/\/zalohovaci-system.cz\/vi\/wp-json\/wp\/v2\/media?parent=185"}],"curies":[{"name":"wp","href":"https:\/\/api.w.org\/{rel}","templated":true}]}}