{"id":240,"date":"2024-03-07T16:49:53","date_gmt":"2024-03-07T16:49:53","guid":{"rendered":"https:\/\/zalohovaci-system.cz\/?page_id=240"},"modified":"2024-06-10T14:17:34","modified_gmt":"2024-06-10T14:17:34","slug":"odkazy","status":"publish","type":"page","link":"https:\/\/zalohovaci-system.cz\/vi\/odkazy\/","title":{"rendered":"LI\u00caN K\u1ebeT"},"content":{"rendered":"<p>[et_pb_section fb_built=&#8220;1&#8243; _builder_version=&#8220;4.24.2&#8243; _module_preset=&#8220;default&#8220; custom_padding=&#8220;||0px|||&#8220; global_colors_info=&#8220;{}&#8220;][et_pb_row _builder_version=&#8220;4.24.2&#8243; _module_preset=&#8220;default&#8220; global_colors_info=&#8220;{}&#8220;][et_pb_column type=&#8220;4_4&#8243; _builder_version=&#8220;4.24.2&#8243; _module_preset=&#8220;default&#8220; global_colors_info=&#8220;{}&#8220;][et_pb_text _builder_version=&#8220;4.24.2&#8243; text_font=&#8220;||||||||&#8220; text_font_size=&#8220;18px&#8220; text_line_height=&#8220;1.8em&#8220; header_font=&#8220;Poppins|700||on|||||&#8220; header_text_color=&#8220;#009640&#8243; header_font_size=&#8220;60px&#8220; header_line_height=&#8220;1.2em&#8220; background_layout=&#8220;dark&#8220; custom_margin=&#8220;||12px|||&#8220; header_font_size_tablet=&#8220;48px&#8220; header_font_size_phone=&#8220;32px&#8220; header_font_size_last_edited=&#8220;on|phone&#8220; header_letter_spacing_tablet=&#8220;0px&#8220; header_letter_spacing_phone=&#8220;&#8220; header_letter_spacing_last_edited=&#8220;on|tablet&#8220; locked=&#8220;off&#8220; global_colors_info=&#8220;{}&#8220;]<\/p>\n<h1>C\u00e1c li\u00ean k\u1ebft h\u1eefu \u00edch<\/h1>\n<p>[\/et_pb_text][et_pb_text _builder_version=&#8220;4.24.2&#8243; _module_preset=&#8220;default&#8220; text_font=&#8220;Poppins||||||||&#8220; text_font_size=&#8220;20px&#8220; custom_margin=&#8220;||18px|||&#8220; hover_enabled=&#8220;0&#8243; global_colors_info=&#8220;{}&#8220; sticky_enabled=&#8220;0&#8243;]<\/p>\n<p><a href=\"https:\/\/jdemeokrokdal.cz\/\"><b>JDEMEOKROKDAL.CZ<\/b><\/a><\/p>\n<p>[\/et_pb_text][et_pb_text _builder_version=&#8220;4.24.2&#8243; _module_preset=&#8220;default&#8220; custom_margin=&#8220;0px|||||&#8220; custom_padding=&#8220;|||0px||&#8220; global_colors_info=&#8220;{}&#8220;]<\/p>\n<p>Iniciativa <span>pro z\u00e1lohov\u00e1n\u00ed se sna\u017e\u00ed o zm\u011bnu v procesu recyklace vyt\u0159\u00edd\u011bn\u00fdch materi\u00e1l\u016f. Jako \u0159e\u0161en\u00ed probl\u00e9mu prosazuje zaveden\u00ed plo\u0161n\u00e9ho syst\u00e9mu z\u00e1lohov\u00e1n\u00ed a sb\u011bru obal\u016f a jejich opakovan\u00e9 pou\u017e\u00edv\u00e1n\u00ed v uzav\u0159en\u00e9m kolob\u011bhu. Tedy syst\u00e9m, ve kter\u00e9m se z lahve stane op\u011bt lahev a z plechovky plechovka.<\/span><\/p>\n<p>[\/et_pb_text][et_pb_button button_text=&#8220;V\u00edce informac\u00ed&#8220; _builder_version=&#8220;4.24.2&#8243; _module_preset=&#8220;default&#8220; hover_enabled=&#8220;0&#8243; sticky_enabled=&#8220;0&#8243; button_url=&#8220;https:\/\/jdemeokrokdal.cz\/&#8220;][\/et_pb_button][et_pb_text _builder_version=&#8220;4.24.2&#8243; _module_preset=&#8220;default&#8220; text_font=&#8220;Poppins||||||||&#8220; text_font_size=&#8220;20px&#8220; custom_margin=&#8220;||18px|||&#8220; hover_enabled=&#8220;0&#8243; global_colors_info=&#8220;{}&#8220; sticky_enabled=&#8220;0&#8243;]<\/p>\n<p><a href=\"https:\/\/www.zalohujme.cz\/\"><strong>ZALOHUJEME.CZ<\/strong><\/a><\/p>\n<p>[\/et_pb_text][et_pb_text _builder_version=&#8220;4.24.2&#8243; _module_preset=&#8220;default&#8220; custom_margin=&#8220;0px|||||&#8220; custom_padding=&#8220;|||0px||&#8220; global_colors_info=&#8220;{}&#8220;]<\/p>\n<p><span>Iniciativa Z\u00e1lohujme.cz prosazuje zaveden\u00ed syst\u00e9mu z\u00e1loh na n\u00e1pojov\u00e9 PET lahve a plechovky v \u010cesk\u00e9 republice. Iniciativu ji\u017e podpo\u0159ilo t\u00e9m\u011b\u0159 30 firem. C\u00edlem iniciativy je nastartovat v tuzemsku recyklaci \u201ez lahve do lahve\u201c a osamostatn\u011bn\u00ed se od dovozu recykl\u00e1tu pro v\u00fdrobu nov\u00fdch lahv\u00ed ze zahrani\u010d\u00ed.<\/span><\/p>\n<p>[\/et_pb_text][et_pb_button button_text=&#8220;V\u00edce informac\u00ed&#8220; _builder_version=&#8220;4.24.2&#8243; _module_preset=&#8220;default&#8220; hover_enabled=&#8220;0&#8243; sticky_enabled=&#8220;0&#8243; button_url=&#8220;https:\/\/www.zalohujme.cz\/&#8220;][\/et_pb_button][et_pb_text _builder_version=&#8220;4.24.2&#8243; _module_preset=&#8220;default&#8220; text_font=&#8220;Poppins||||||||&#8220; text_font_size=&#8220;20px&#8220; custom_margin=&#8220;||18px|||&#8220; hover_enabled=&#8220;0&#8243; global_colors_info=&#8220;{}&#8220; sticky_enabled=&#8220;0&#8243;]<\/p>\n<p><a href=\"https:\/\/www.mzp.cz\/cz\/zalohovani\"><b>MINISTERSTVO \u017dIVOTN\u00cdHO PROST\u0158ED\u00cd<\/b><\/a><\/p>\n<p>[\/et_pb_text][et_pb_text _builder_version=&#8220;4.24.2&#8243; _module_preset=&#8220;default&#8220; custom_margin=&#8220;0px|||||&#8220; custom_padding=&#8220;|||0px||&#8220; global_colors_info=&#8220;{}&#8220;]<\/p>\n<p>Ofici\u00e1ln\u00ed web Ministerstva \u017eivotn\u00edho prost\u0159ed\u00ed. Najdete na n\u011bm ofici\u00e1ln\u00ed dokumenty a novinky ohledn\u011b procesu zaveden\u00ed z\u00e1loh na PET a ALU n\u00e1pojov\u00e9 obaly v \u010cesk\u00e9 republice.\u00a0<\/p>\n<p>[\/et_pb_text][et_pb_button button_text=&#8220;V\u00edce informac\u00ed&#8220; _builder_version=&#8220;4.24.2&#8243; _module_preset=&#8220;default&#8220; hover_enabled=&#8220;0&#8243; sticky_enabled=&#8220;0&#8243; button_url=&#8220;https:\/\/www.mzp.cz\/cz\/zalohovani&#8220;][\/et_pb_button][et_pb_text _builder_version=&#8220;4.24.2&#8243; _module_preset=&#8220;default&#8220; text_font=&#8220;Poppins||||||||&#8220; text_font_size=&#8220;20px&#8220; custom_margin=&#8220;||18px|||&#8220; hover_enabled=&#8220;0&#8243; global_colors_info=&#8220;{}&#8220; sticky_enabled=&#8220;0&#8243;]<\/p>\n<p><a href=\"https:\/\/www.mzp.cz\/cz\/news_20231107_Novela-zakona-o-obalech-zavede-zalohovani-PET-a-plechovek\"><b>NOVELA Z\u00c1KONA O OBALECH<\/b><\/a><\/p>\n<p>[\/et_pb_text][et_pb_text _builder_version=&#8220;4.24.2&#8243; _module_preset=&#8220;default&#8220; custom_margin=&#8220;0px|||||&#8220; custom_padding=&#8220;||0px|0px||&#8220; global_colors_info=&#8220;{}&#8220;]<\/p>\n<p><span>Ministerstvo \u017eivotn\u00edho prost\u0159ed\u00ed na podzim p\u0159edlo\u017e\u00ed do mezirezortn\u00edho p\u0159ipom\u00ednkov\u00e9ho \u0159\u00edzen\u00ed novelu z\u00e1kona o obalech, kter\u00e1 se t\u00fdk\u00e1 z\u00e1lohov\u00e1n\u00ed PET lahv\u00ed a plechovek. Na webu najdete prezentaci z tiskov\u00e9 konference a odpov\u011bdi na nej\u010dast\u011b\u0161\u00ed ot\u00e1zky.<\/span>\u00a0<\/p>\n<p>[\/et_pb_text][et_pb_button button_text=&#8220;V\u00edce informac\u00ed&#8220; _builder_version=&#8220;4.24.2&#8243; _module_preset=&#8220;default&#8220; hover_enabled=&#8220;0&#8243; sticky_enabled=&#8220;0&#8243; button_url=&#8220;https:\/\/www.mzp.cz\/cz\/news_20231107_Novela-zakona-o-obalech-zavede-zalohovani-PET-a-plechovek&#8220;][\/et_pb_button][et_pb_text _builder_version=&#8220;4.24.2&#8243; _module_preset=&#8220;default&#8220; text_font=&#8220;Poppins||||||||&#8220; text_font_size=&#8220;20px&#8220; custom_margin=&#8220;||18px|||&#8220; hover_enabled=&#8220;0&#8243; global_colors_info=&#8220;{}&#8220; sticky_enabled=&#8220;0&#8243;]<\/p>\n<p><a href=\"https:\/\/diverzita.cz\/cs\/aktualita\/system-zalohovani-pet-lahvi-a-plechovek-muze-nastartovat-cirkularni-a-inovativni-rozvoj-ceske-ekonomiky\"><b>CIRKUL\u00c1RN\u00cd EKONOMIKA<\/b><\/a><\/p>\n<p>[\/et_pb_text][et_pb_text _builder_version=&#8220;4.24.2&#8243; _module_preset=&#8220;default&#8220; custom_margin=&#8220;0px|||||&#8220; custom_padding=&#8220;|||0px||&#8220; global_colors_info=&#8220;{}&#8220;]<\/p>\n<p>\u010cl\u00e1nek z debaty, kterou uspo\u0159\u00e1dala Aliance odpov\u011bdn\u00fdch firem Byznys pro spole\u010dnost v Malostransk\u00e9 besed\u011b t\u00e9matu cirkul\u00e1rn\u00ed ekonomiky v \u010cesku.\u00a0<\/p>\n<p>[\/et_pb_text][et_pb_button button_text=&#8220;V\u00edce informac\u00ed&#8220; _builder_version=&#8220;4.24.2&#8243; _module_preset=&#8220;default&#8220; hover_enabled=&#8220;0&#8243; sticky_enabled=&#8220;0&#8243; button_url=&#8220;https:\/\/diverzita.cz\/cs\/aktualita\/system-zalohovani-pet-lahvi-a-plechovek-muze-nastartovat-cirkularni-a-inovativni-rozvoj-ceske-ekonomiky&#8220;][\/et_pb_button][et_pb_text _builder_version=&#8220;4.24.2&#8243; _module_preset=&#8220;default&#8220; text_font=&#8220;Poppins||||||||&#8220; text_font_size=&#8220;20px&#8220; custom_margin=&#8220;||18px|||&#8220; hover_enabled=&#8220;0&#8243; global_colors_info=&#8220;{}&#8220; sticky_enabled=&#8220;0&#8243;]<\/p>\n<p><a href=\"https:\/\/www.mzp.cz\/cz\/news_20240606_Unikatni-experiment-ministerstva-Jen-kazda-druha-PET-lahev-putuje-k-recyklaci\"><b>UNIK\u00c1TN\u00cd EXPERIMENT MINISTERSTVA<\/b><\/a><\/p>\n<p>[\/et_pb_text][et_pb_text _builder_version=&#8220;4.24.2&#8243; _module_preset=&#8220;default&#8220; custom_margin=&#8220;0px|||||&#8220; custom_padding=&#8220;|||0px||&#8220; hover_enabled=&#8220;0&#8243; global_colors_info=&#8220;{}&#8220; sticky_enabled=&#8220;0&#8243;]<\/p>\n<p>Ministerstvo \u017eivotn\u00edho prost\u0159ed\u00ed pomoc\u00ed nov\u00e9 technologie datov\u00e9 spole\u010dnosti Adastra Lab sledovalo pohyb n\u00e1pojov\u00fdch PET lahv\u00ed vyt\u0159\u00edd\u011bn\u00fdch do \u017elut\u00fdch kontejner\u016f.<\/p>\n<p>[\/et_pb_text][et_pb_button button_text=&#8220;V\u00edce informac\u00ed&#8220; _builder_version=&#8220;4.24.2&#8243; _module_preset=&#8220;default&#8220; hover_enabled=&#8220;0&#8243; sticky_enabled=&#8220;0&#8243; button_url=&#8220;https:\/\/www.mzp.cz\/cz\/news_20240606_Unikatni-experiment-ministerstva-Jen-kazda-druha-PET-lahev-putuje-k-recyklaci&#8220;][\/et_pb_button][\/et_pb_column][\/et_pb_row][\/et_pb_section]<\/p>","protected":false},"excerpt":{"rendered":"<p>U\u017dITE\u010cN\u00c9 ODKAZYJDEMEOKROKDAL.CZIniciativa pro z\u00e1lohov\u00e1n\u00ed se sna\u017e\u00ed o zm\u011bnu v procesu recyklace vyt\u0159\u00edd\u011bn\u00fdch materi\u00e1l\u016f. Jako \u0159e\u0161en\u00ed probl\u00e9mu prosazuje zaveden\u00ed plo\u0161n\u00e9ho syst\u00e9mu z\u00e1lohov\u00e1n\u00ed a sb\u011bru obal\u016f a jejich opakovan\u00e9 pou\u017e\u00edv\u00e1n\u00ed v uzav\u0159en\u00e9m kolob\u011bhu. Tedy syst\u00e9m, ve kter\u00e9m se z lahve stane op\u011bt lahev a z plechovky plechovka.ZALOHUJEME.CZIniciativa Z\u00e1lohujme.cz prosazuje zaveden\u00ed syst\u00e9mu z\u00e1loh na n\u00e1pojov\u00e9 PET lahve a [&hellip;]<\/p>","protected":false},"author":1,"featured_media":0,"parent":0,"menu_order":0,"comment_status":"closed","ping_status":"closed","template":"","meta":{"_et_pb_use_builder":"on","_et_pb_old_content":"<!-- wp:divi\/placeholder \/-->","_et_gb_content_width":"","footnotes":""},"class_list":["post-240","page","type-page","status-publish","hentry"],"_links":{"self":[{"href":"https:\/\/zalohovaci-system.cz\/vi\/wp-json\/wp\/v2\/pages\/240","targetHints":{"allow":["GET"]}}],"collection":[{"href":"https:\/\/zalohovaci-system.cz\/vi\/wp-json\/wp\/v2\/pages"}],"about":[{"href":"https:\/\/zalohovaci-system.cz\/vi\/wp-json\/wp\/v2\/types\/page"}],"author":[{"embeddable":true,"href":"https:\/\/zalohovaci-system.cz\/vi\/wp-json\/wp\/v2\/users\/1"}],"replies":[{"embeddable":true,"href":"https:\/\/zalohovaci-system.cz\/vi\/wp-json\/wp\/v2\/comments?post=240"}],"version-history":[{"count":6,"href":"https:\/\/zalohovaci-system.cz\/vi\/wp-json\/wp\/v2\/pages\/240\/revisions"}],"predecessor-version":[{"id":352,"href":"https:\/\/zalohovaci-system.cz\/vi\/wp-json\/wp\/v2\/pages\/240\/revisions\/352"}],"wp:attachment":[{"href":"https:\/\/zalohovaci-system.cz\/vi\/wp-json\/wp\/v2\/media?parent=240"}],"curies":[{"name":"wp","href":"https:\/\/api.w.org\/{rel}","templated":true}]}}