{"id":254,"date":"2024-03-10T14:24:40","date_gmt":"2024-03-10T14:24:40","guid":{"rendered":"https:\/\/zalohovaci-system.cz\/?page_id=254"},"modified":"2024-03-21T14:47:50","modified_gmt":"2024-03-21T14:47:50","slug":"informace","status":"publish","type":"page","link":"https:\/\/zalohovaci-system.cz\/vi\/informace\/","title":{"rendered":"INFORMACE"},"content":{"rendered":"<p>[et_pb_section fb_built=&#8220;1&#8243; _builder_version=&#8220;4.24.2&#8243; _module_preset=&#8220;default&#8220; custom_padding=&#8220;||0px|||&#8220; global_colors_info=&#8220;{}&#8220;][et_pb_row _builder_version=&#8220;4.24.2&#8243; _module_preset=&#8220;default&#8220; global_colors_info=&#8220;{}&#8220;][et_pb_column type=&#8220;4_4&#8243; _builder_version=&#8220;4.24.2&#8243; _module_preset=&#8220;default&#8220; global_colors_info=&#8220;{}&#8220;][et_pb_text module_id=&#8220;kdo&#8220; _builder_version=&#8220;4.24.2&#8243; text_font=&#8220;||||||||&#8220; text_font_size=&#8220;18px&#8220; text_line_height=&#8220;1.8em&#8220; header_font=&#8220;Poppins|700||on|||||&#8220; header_text_color=&#8220;#6ac610&#8243; header_font_size=&#8220;100px&#8220; header_line_height=&#8220;1.2em&#8220; background_layout=&#8220;dark&#8220; width=&#8220;100%&#8220; custom_margin=&#8220;||12px|||&#8220; header_font_size_tablet=&#8220;48px&#8220; header_font_size_phone=&#8220;32px&#8220; header_font_size_last_edited=&#8220;on|phone&#8220; header_letter_spacing_tablet=&#8220;0px&#8220; header_letter_spacing_phone=&#8220;&#8220; header_letter_spacing_last_edited=&#8220;on|tablet&#8220; locked=&#8220;off&#8220; global_colors_info=&#8220;{}&#8220;]<\/p>\n<h1>AI?<\/h1>\n<p>[\/et_pb_text][et_pb_text _builder_version=&#8220;4.24.2&#8243; text_font=&#8220;||||||||&#8220; text_font_size=&#8220;18px&#8220; text_line_height=&#8220;1.8em&#8220; header_font=&#8220;Poppins|700||on|||||&#8220; header_text_color=&#8220;#009640&#8243; header_font_size=&#8220;50px&#8220; header_line_height=&#8220;1.2em&#8220; background_layout=&#8220;dark&#8220; width=&#8220;100%&#8220; custom_margin=&#8220;||12px|||&#8220; header_font_size_tablet=&#8220;48px&#8220; header_font_size_phone=&#8220;32px&#8220; header_font_size_last_edited=&#8220;on|phone&#8220; header_letter_spacing_tablet=&#8220;0px&#8220; header_letter_spacing_phone=&#8220;&#8220; header_letter_spacing_last_edited=&#8220;on|tablet&#8220; locked=&#8220;off&#8220; global_colors_info=&#8220;{}&#8220;]<\/p>\n<h1>AI S\u1ebc B\u1eca \u1ea2NH H\u01af\u1edeNG B\u1edeI VI\u1ec6C SAO L\u01afU?<\/h1>\n<p>[\/et_pb_text][et_pb_text _builder_version=&#8220;4.24.2&#8243; _module_preset=&#8220;default&#8220; text_font=&#8220;Poppins||||||||&#8220; text_font_size=&#8220;20px&#8220; custom_margin=&#8220;||18px|||&#8220; global_colors_info=&#8220;{}&#8220;]<\/p>\n<p><strong>KH\u00d4NG CH\u1ec8 C\u00c1C C\u1eecA H\u00c0NG B\u00c1N L<\/strong><\/p>\n<p>[\/et_pb_text][et_pb_text _builder_version=&#8220;4.24.2&#8243; _module_preset=&#8220;default&#8220; custom_margin=&#8220;0px|||||&#8220; custom_padding=&#8220;|||0px||&#8220; global_colors_info=&#8220;{}&#8220;]<\/p>\n<p>Bao b\u00ec \u0111\u1ed3 u\u1ed1ng d\u1ef1 ph\u00f2ng c\u00f3 th\u1ec3 \u0111\u01b0\u1ee3c tr\u1ea3 l\u1ea1i trong t\u1ea5t c\u1ea3 c\u00e1c c\u1eeda h\u00e0ng th\u1ef1c ph\u1ea9m c\u00f3 di\u1ec7n t\u00edch h\u01a1n 50 m2 v\u00e0 t\u1ea1i c\u00e1c tr\u1ea1m x\u0103ng. T\u1ed5ng c\u1ed9ng, g\u1ea7n 11.000 \u0111i\u1ec3m thu gom s\u1ebd \u0111\u01b0\u1ee3c t\u1ea1o ra \u1edf C\u1ed9ng h\u00f2a S\u00e9c. C\u00e1c c\u1eeda h\u00e0ng c\u00f3 di\u1ec7n t\u00edch b\u00e1n h\u00e0ng nh\u1ecf h\u01a1n c\u0169ng c\u00f3 c\u01a1 h\u1ed9i tham gia v\u00e0o h\u1ec7 th\u1ed1ng m\u1ed9t c\u00e1ch t\u1ef1 nguy\u1ec7n. Vi\u1ec7c thu th\u1eadp s\u1ebd di\u1ec5n ra b\u1eb1ng m\u00e1y <a href=\"https:\/\/zalohovaci-automat.cz\/vi\/\"><strong>d\u1ef1 ph\u00f2ng ho\u1eb7c<\/strong><\/a> d\u01b0\u1edbi h\u00ecnh th\u1ee9c thu th\u1eadp th\u1ee7 c\u00f4ng.<\/p>\n<p>Bao b\u00ec b\u1eb1ng nh\u1ef1a v\u00e0 kim lo\u1ea1i t\u1eeb \u0111\u1ed3 u\u1ed1ng m\u1ec1m v\u00e0 c\u00f3 c\u1ed3n c\u00f3 n\u1ed3ng \u0111\u1ed9 c\u1ed3n l\u00ean t\u1edbi 15% v\u00e0 th\u1ec3 t\u00edch t\u1eeb 0,1 \u0111\u1ebfn 3 l\u00edt s\u1ebd \u0111\u01b0\u1ee3c sao l\u01b0u. Vi\u1ec7c \u0111\u1eb7t c\u1ecdc s\u1ebd kh\u00f4ng \u00e1p d\u1ee5ng cho bao b\u00ec \u0111\u01b0\u1ee3c \u0111\u00f3ng chai tr\u1ef1c ti\u1ebfp t\u1ea1i \u0111i\u1ec3m b\u00e1n h\u00e0ng, v\u00ec v\u1eady, v\u00ed d\u1ee5 nh\u01b0 c\u00e1c c\u1eeda h\u00e0ng r\u01b0\u1ee3u \u0111\u00f3ng chai r\u01b0\u1ee3u trong chai PET s\u1ebd kh\u00f4ng c\u00f3 ngh\u0129a v\u1ee5 ph\u1ea3i sao l\u01b0u chai PET.<\/p>\n<p>C\u00e1c th\u00f4ng s\u1ed1 c\u1ee7a h\u1ec7 th\u1ed1ng \u0111\u01b0\u1ee3c thi\u1ebft k\u1ebf \u0111\u1ec3 quay tr\u1edf l\u1ea1i l\u01b0u th\u00f4ng \u00edt nh\u1ea5t 90% h\u1ed9p \u0111\u1ef1ng \u0111\u1ed3 u\u1ed1ng s\u1ebd s\u1eb5n s\u00e0ng \u0111\u1ec3 t\u00e1i ch\u1ebf. \u0110\u1ec3 h\u1ec7 th\u1ed1ng t\u1ea5t c\u1ea3 c\u00e1c<br \/>nh\u00e0 s\u1ea3n xu\u1ea5t v\u00e0 nh\u1eadp kh\u1ea9u ti\u1ebfp th\u1ecb \u0111\u1ed3 u\u1ed1ng trong chai nh\u1ef1a ho\u1eb7c lon s\u1ebd tham gia.<\/p>\n<p>[\/et_pb_text][et_pb_image src=&#8220;https:\/\/zalohovaci-system.cz\/wp-content\/uploads\/2024\/03\/mapkas_Kreslici-platno-1.png&#8220; title_text=&#8220;mapkas_Kreslic\u00ed pl\u00e1tno 1&#8243; _builder_version=&#8220;4.24.2&#8243; _module_preset=&#8220;default&#8220; width=&#8220;70%&#8220; module_alignment=&#8220;center&#8220; global_colors_info=&#8220;{}&#8220;][\/et_pb_image][\/et_pb_column][\/et_pb_row][\/et_pb_section][et_pb_section fb_built=&#8220;1&#8243; _builder_version=&#8220;4.24.2&#8243; _module_preset=&#8220;default&#8220; background_color=&#8220;#f3f6f5&#8243; custom_padding=&#8220;||0px|||&#8220; locked=&#8220;off&#8220; global_colors_info=&#8220;{}&#8220;][et_pb_row _builder_version=&#8220;4.24.2&#8243; _module_preset=&#8220;default&#8220; global_colors_info=&#8220;{}&#8220;][et_pb_column type=&#8220;4_4&#8243; _builder_version=&#8220;4.24.2&#8243; _module_preset=&#8220;default&#8220; global_colors_info=&#8220;{}&#8220;][et_pb_text module_id=&#8220;co&#8220; _builder_version=&#8220;4.24.2&#8243; text_font=&#8220;||||||||&#8220; text_font_size=&#8220;18px&#8220; text_line_height=&#8220;1.8em&#8220; header_font=&#8220;Poppins|700||on|||||&#8220; header_text_color=&#8220;#6ac610&#8243; header_font_size=&#8220;100px&#8220; header_line_height=&#8220;1.2em&#8220; background_layout=&#8220;dark&#8220; custom_margin=&#8220;||12px|||&#8220; header_font_size_tablet=&#8220;48px&#8220; header_font_size_phone=&#8220;32px&#8220; header_font_size_last_edited=&#8220;on|phone&#8220; header_letter_spacing_tablet=&#8220;0px&#8220; header_letter_spacing_phone=&#8220;&#8220; header_letter_spacing_last_edited=&#8220;on|tablet&#8220; locked=&#8220;off&#8220; global_colors_info=&#8220;{}&#8220;]<\/p>\n<h1>C\u00c1I G\u00cc?<\/h1>\n<p>[\/et_pb_text][et_pb_text _builder_version=&#8220;4.24.2&#8243; text_font=&#8220;||||||||&#8220; text_font_size=&#8220;18px&#8220; text_line_height=&#8220;1.8em&#8220; header_font=&#8220;Poppins|700||on|||||&#8220; header_text_color=&#8220;#009640&#8243; header_font_size=&#8220;50px&#8220; header_line_height=&#8220;1.2em&#8220; background_layout=&#8220;dark&#8220; custom_margin=&#8220;||12px|||&#8220; header_font_size_tablet=&#8220;48px&#8220; header_font_size_phone=&#8220;32px&#8220; header_font_size_last_edited=&#8220;on|phone&#8220; header_letter_spacing_tablet=&#8220;0px&#8220; header_letter_spacing_phone=&#8220;&#8220; header_letter_spacing_last_edited=&#8220;on|tablet&#8220; locked=&#8220;off&#8220; global_colors_info=&#8220;{}&#8220;]<\/p>\n<h1>NH\u1eeeNG G\u00cc S\u1ebc \u0110\u01af\u1ee2C SAO L\u01afU?<\/h1>\n<p>[\/et_pb_text][et_pb_text _builder_version=&#8220;4.24.2&#8243; _module_preset=&#8220;default&#8220; text_font=&#8220;Poppins||||||||&#8220; text_font_size=&#8220;20px&#8220; custom_margin=&#8220;||18px|||&#8220; global_colors_info=&#8220;{}&#8220;]<\/p>\n<p><strong>CHAI PET, LON ALU<\/strong><\/p>\n<p>[\/et_pb_text][et_pb_text _builder_version=&#8220;4.24.2&#8243; _module_preset=&#8220;default&#8220; custom_margin=&#8220;0px|||||&#8220; custom_padding=&#8220;|||0px||&#8220; global_colors_info=&#8220;{}&#8220;]<\/p>\n<p>Chai PET v\u00e0 lon ALU b\u00e2y gi\u1edd s\u1ebd \u0111\u01b0\u1ee3c sao l\u01b0u. Nh\u1edd b\u01b0\u1edbc n\u00e0y, nhu c\u1ea7u n\u0103ng l\u01b0\u1ee3ng c\u1ee7a bao b\u00ec trong qu\u00e1 tr\u00ecnh s\u1ea3n xu\u1ea5t n\u00ean \u0111\u01b0\u1ee3c gi\u1ea3m. Trong tr\u01b0\u1eddng h\u1ee3p lon l\u00e0m t\u1eeb v\u1eadt li\u1ec7u t\u00e1i ch\u1ebf, n\u0103ng l\u01b0\u1ee3ng \u0111\u01b0\u1ee3c s\u1eed d\u1ee5ng \u00edt h\u01a1n t\u1edbi 95% v\u00e0 trong tr\u01b0\u1eddng h\u1ee3p chai PET l\u00e0 79 %. Sao l\u01b0u c\u0169ng n\u00ean gi\u1ea3m s\u1ed1 l\u01b0\u1ee3ng lon \u0111\u01b0\u1ee3c n\u00e9m t\u1ef1 do trong v\u00e0 xung quanh thi\u00ean nhi\u00ean. Bao b\u00ec l\u00e0m t\u1eeb v\u1eadt li\u1ec7u t\u00e1i ch\u1ebf c\u00f3 l\u01b0\u1ee3ng kh\u00ed th\u1ea3i carbon th\u1ea5p h\u01a1n 80% so v\u1edbi bao b\u00ec l\u00e0m t\u1eeb v\u1eadt li\u1ec7u nguy\u00ean ch\u1ea5t.\u00a0<\/p>\n<p>B\u1ea3n sao l\u01b0u s\u1ebd \u00e1p d\u1ee5ng cho chai PET v\u00e0 lon n\u01b0\u1edbc gi\u1ea3i kh\u00e1t c\u00f3 th\u1ec3 t\u00edch 0,1 \u2013 3 l\u00edt v\u00e0 \u0111\u1ed3 u\u1ed1ng c\u00f3 c\u1ed3n c\u00f3 h\u00e0m l\u01b0\u1ee3ng c\u1ed3n l\u00ean t\u1edbi 15. \u0110\u1ed3 u\u1ed1ng b\u1ecb \u1ea3nh h\u01b0\u1edfng b\u1edfi d\u1ef1 ph\u00f2ng: \u0111\u1ed3 u\u1ed1ng v\u00e0 n\u01b0\u1edbc c\u00f3 ga v\u00e0 kh\u00f4ng c\u00f3 ga, \u0111\u1ed3 u\u1ed1ng v\u00e0 n\u01b0\u1edbc d\u00e0nh cho tr\u1ebb em, n\u01b0\u1edbc \u00e9p tr\u00e1i c\u00e2y, \u0111\u1ed3 u\u1ed1ng tr\u00e1i c\u00e2y v\u00e0 m\u1eadt hoa, tr\u00e0 \u0111\u00e1 v\u00e0 c\u00e0 ph\u00ea, \u0111\u1ed3 u\u1ed1ng th\u1ec3 thao v\u00e0 n\u0103ng l\u01b0\u1ee3ng, bia, r\u01b0\u1ee3u t\u00e1o, radler, r\u01b0\u1ee3u vang tr\u00e1i c\u00e2y, \u0111\u1ed3 u\u1ed1ng c\u00f3 n\u1ed3ng \u0111\u1ed9 c\u1ed3n l\u00ean t\u1edbi 15 %.<\/p>\n<p>[\/et_pb_text][et_pb_image src=&#8220;https:\/\/zalohovaci-system.cz\/wp-content\/uploads\/2024\/03\/PETALU_Kreslici-platno-1.png&#8220; title_text=&#8220;PETALU_Kreslic\u00ed pl\u00e1tno 1&#8243; _builder_version=&#8220;4.24.2&#8243; _module_preset=&#8220;default&#8220; width=&#8220;80%&#8220; module_alignment=&#8220;center&#8220; global_colors_info=&#8220;{}&#8220;][\/et_pb_image][\/et_pb_column][\/et_pb_row][\/et_pb_section][et_pb_section fb_built=&#8220;1&#8243; _builder_version=&#8220;4.24.2&#8243; _module_preset=&#8220;default&#8220; custom_padding=&#8220;||0px|||&#8220; locked=&#8220;off&#8220; global_colors_info=&#8220;{}&#8220;][et_pb_row _builder_version=&#8220;4.24.2&#8243; _module_preset=&#8220;default&#8220; global_colors_info=&#8220;{}&#8220;][et_pb_column type=&#8220;4_4&#8243; _builder_version=&#8220;4.24.2&#8243; _module_preset=&#8220;default&#8220; global_colors_info=&#8220;{}&#8220;][et_pb_text module_id=&#8220;jak&#8220; _builder_version=&#8220;4.24.2&#8243; text_font=&#8220;||||||||&#8220; text_font_size=&#8220;18px&#8220; text_line_height=&#8220;1.8em&#8220; header_font=&#8220;Poppins|700||on|||||&#8220; header_text_color=&#8220;#6ac610&#8243; header_font_size=&#8220;100px&#8220; header_line_height=&#8220;1.2em&#8220; background_layout=&#8220;dark&#8220; custom_margin=&#8220;||12px|||&#8220; custom_padding=&#8220;||0px|||&#8220; header_font_size_tablet=&#8220;48px&#8220; header_font_size_phone=&#8220;32px&#8220; header_font_size_last_edited=&#8220;on|phone&#8220; header_letter_spacing_tablet=&#8220;0px&#8220; header_letter_spacing_phone=&#8220;&#8220; header_letter_spacing_last_edited=&#8220;on|tablet&#8220; locked=&#8220;off&#8220; global_colors_info=&#8220;{}&#8220;]<\/p>\n<h1>L\u00c0M SAO?<\/h1>\n<p>[\/et_pb_text][et_pb_text _builder_version=&#8220;4.24.2&#8243; text_font=&#8220;||||||||&#8220; text_font_size=&#8220;18px&#8220; text_line_height=&#8220;1.8em&#8220; header_font=&#8220;Poppins|700||on|||||&#8220; header_text_color=&#8220;#009640&#8243; header_font_size=&#8220;50px&#8220; header_line_height=&#8220;1.2em&#8220; background_layout=&#8220;dark&#8220; custom_margin=&#8220;||12px|||&#8220; header_font_size_tablet=&#8220;48px&#8220; header_font_size_phone=&#8220;32px&#8220; header_font_size_last_edited=&#8220;on|phone&#8220; header_letter_spacing_tablet=&#8220;0px&#8220; header_letter_spacing_phone=&#8220;&#8220; header_letter_spacing_last_edited=&#8220;on|tablet&#8220; locked=&#8220;off&#8220; global_colors_info=&#8220;{}&#8220;]<\/p>\n<h1>CHU TR\u00ccNH SAO L\u01afU HO\u1ea0T \u0110\u1ed8NG NH\u01af TH\u1ebe N\u00c0O?<\/h1>\n<p>[\/et_pb_text][et_pb_text _builder_version=&#8220;4.24.2&#8243; _module_preset=&#8220;default&#8220; text_font=&#8220;Poppins||||||||&#8220; text_font_size=&#8220;20px&#8220; custom_margin=&#8220;||18px|||&#8220; global_colors_info=&#8220;{}&#8220;]<\/p>\n<p><strong>H\u1ec6 TH\u1ed0NG D\u1ef0 PH\u00d2NG: \u0110I XE \u0110\u1ea0P B\u1ec0N V\u1eeeNG<\/strong><\/p>\n<p>[\/et_pb_text][et_pb_text _builder_version=&#8220;4.24.2&#8243; _module_preset=&#8220;default&#8220; custom_margin=&#8220;0px|||||&#8220; custom_padding=&#8220;|||0px||&#8220; global_colors_info=&#8220;{}&#8220;]<\/p>\n<p>C\u01a1 s\u1edf c\u1ee7a to\u00e0n b\u1ed9 h\u1ec7 th\u1ed1ng b\u1ec1 m\u1eb7t l\u00e0 \u00fd t\u01b0\u1edfng v\u1ec1 m\u1ed9t chu tr\u00ecnh kh\u00e9p k\u00edn, trong \u0111\u00f3 bao b\u00ec \u0111\u1ed3 u\u1ed1ng \u0111\u00e3 qua s\u1eed d\u1ee5ng tr\u1edf th\u00e0nh c\u01a1 s\u1edf cho vi\u1ec7c s\u1ea3n xu\u1ea5t chai v\u00e0 lon PET m\u1edbi. To\u00e0n b\u1ed9 h\u1ec7 th\u1ed1ng chu tr\u00ecnh b\u1eaft \u0111\u1ea7u v\u1edbi nh\u00e0 s\u1ea3n xu\u1ea5t, ng\u01b0\u1eddi \u0111\u0103ng k\u00fd bao b\u00ec v\u1edbi qu\u1ea3n tr\u1ecb vi\u00ean v\u00e0 tr\u1ea3 ti\u1ec1n \u0111\u1eb7t c\u1ecdc v\u00e0 ph\u00ed cho m\u1ed7i bao b\u00ec \u0111\u01b0\u1ee3c \u0111\u01b0a ra th\u1ecb tr\u01b0\u1eddng. B\u1eb1ng c\u00e1ch \u0111\u0103ng k\u00fd v\u00e0 thanh to\u00e1n ph\u00ed, n\u00f3 b\u1eaft \u0111\u1ea7u to\u00e0n b\u1ed9 chu k.<\/p>\n<p>Khi nh\u00e0 s\u1ea3n xu\u1ea5t b\u00e1n \u0111\u1ed3 u\u1ed1ng c\u1ee7a m\u00ecnh cho m\u1ed9t th\u01b0\u01a1ng gia, anh ta bao g\u1ed3m trong gi\u00e1 c\u1ee7a \u0111\u1ed3 u\u1ed1ng kh\u00f4ng ch\u1ec9 b\u1ea3n th\u00e2n s\u1ea3n ph\u1ea9m, m\u00e0 c\u00f2n l\u00e0 m\u1ed9t kho\u1ea3n \u0111\u1eb7t c\u1ecdc cho bao b\u00ec. Sau \u0111\u00f3, ng\u01b0\u1eddi b\u00e1n s\u1ebd b\u00e1n \u0111\u1ed3 u\u1ed1ng c\u1ee7a kh\u00e1ch h\u00e0ng, ng\u01b0\u1eddi kh\u00f4ng ch\u1ec9 tr\u1ea3 ti\u1ec1n \u0111\u1ed3 u\u1ed1ng m\u00e0 c\u00f2n c\u1ea3 ti\u1ec1n \u0111\u1eb7t c\u1ecdc. C\u00e1c b\u01b0\u1edbc ti\u1ebfp theo sau \u0111\u00f3 chuy\u1ec3n cho kh\u00e1ch h\u00e0ng. Trong tr\u01b0\u1eddng h\u1ee3p anh ta tr\u1ea3 l\u1ea1i bao b\u00ec cho ng\u01b0\u1eddi b\u00e1n (<a href=\"https:\/\/zalohovaci-automat.cz\/vi\/\"><strong>m\u00e1y d\u1ef1 ph\u00f2ng<\/strong><\/a>), anh ta s\u1ebd nh\u1eadn l\u1ea1i ti\u1ec1n \u0111\u1eb7t c\u1ecdc t\u1eeb ng\u01b0\u1eddi b\u00e1n.<\/p>\n<p>Sau \u0111\u00f3, ng\u01b0\u1eddi b\u00e1n s\u1ebd giao bao b\u00ec \u0111\u01b0\u1ee3c tr\u1ea3 l\u1ea1i cho qu\u1ea3n tr\u1ecb vi\u00ean h\u1ec7 th\u1ed1ng d\u1ef1 ph\u00f2ng, ng\u01b0\u1eddi n\u00e0y s\u1ebd ho\u00e0n tr\u1ea3 cho anh ta c\u00e1c kho\u1ea3n t\u1ea1m \u1ee9ng v\u00e0 ph\u00ed x\u1eed l\u00fd, kho\u1ea3n ph\u00ed n\u00e0y s\u1ebd b\u00f9 \u0111\u1eafp cho ng\u01b0\u1eddi b\u00e1n c\u00e1c chi ph\u00ed li\u00ean quan \u0111\u1ebfn vi\u1ec7c x\u1eed l\u00fd v\u00e0 thu th\u1eadp bao b\u00ec. Sau \u0111\u00f3, qu\u1ea3n tr\u1ecb vi\u00ean s\u1eafp x\u1ebfp bao b\u00ec theo m\u00e0u s\u1eafc v\u00e0 lo\u1ea1i v\u1eadt li\u1ec7u \u0111\u01b0\u1ee3c s\u1eed d\u1ee5ng v\u00e0 b\u00e1n cho nh\u00e0 s\u1ea3n xu\u1ea5t t\u00e1i ch\u1ebf \u0111\u1ec3 x\u1eed l\u00fd ti\u1ebfp.<\/p>\n<p>Bao b\u00ec m\u1edbi \u0111\u01b0\u1ee3c l\u00e0m t\u1eeb v\u1eadt li\u1ec7u t\u00e1i ch\u1ebf v\u00e0 to\u00e0n b\u1ed9 chu tr\u00ecnh b\u1eaft \u0111\u1ea7u l\u1ea1i t\u1eeb \u0111\u1ea7u.<\/p>\n<p>[\/et_pb_text][\/et_pb_column][\/et_pb_row][\/et_pb_section][et_pb_section fb_built=&#8220;1&#8243; _builder_version=&#8220;4.24.2&#8243; _module_preset=&#8220;default&#8220; background_color=&#8220;#FFFFFF&#8220; custom_padding=&#8220;0px||0px|||&#8220; locked=&#8220;off&#8220; global_colors_info=&#8220;{}&#8220;][et_pb_row column_structure=&#8220;1_2,1_2&#8243; _builder_version=&#8220;4.24.2&#8243; _module_preset=&#8220;default&#8220; global_colors_info=&#8220;{}&#8220;][et_pb_column type=&#8220;1_2&#8243; _builder_version=&#8220;4.24.2&#8243; _module_preset=&#8220;default&#8220; global_colors_info=&#8220;{}&#8220;][et_pb_circle_counter title=&#8220;A\u017e 80 % hmotnosti PET l\u00e1hve lze znovu vyu\u017e\u00edt pro v\u00fdrobu nov\u00e9 l\u00e1hve&#8220; number=&#8220;80&#8243; bar_bg_color=&#8220;#009640&#8243; circle_color=&#8220;#000000&#8243; _builder_version=&#8220;4.24.2&#8243; _module_preset=&#8220;default&#8220; title_text_color=&#8220;#009640&#8243; number_text_color=&#8220;#009640&#8243; number_font_size=&#8220;51px&#8220; global_colors_info=&#8220;{}&#8220;][\/et_pb_circle_counter][\/et_pb_column][et_pb_column type=&#8220;1_2&#8243; _builder_version=&#8220;4.24.2&#8243; _module_preset=&#8220;default&#8220; global_colors_info=&#8220;{}&#8220;][et_pb_circle_counter title=&#8220;A\u017e 97 % hmotnosti ALU lze znovu vyu\u017e\u00edt pro v\u00fdrobu nov\u00e9 plechovky&#8220; number=&#8220;97&#8243; bar_bg_color=&#8220;#009640&#8243; circle_color=&#8220;#000000&#8243; _builder_version=&#8220;4.24.2&#8243; _module_preset=&#8220;default&#8220; title_text_color=&#8220;#009640&#8243; number_text_color=&#8220;#009640&#8243; number_font_size=&#8220;51px&#8220; global_colors_info=&#8220;{}&#8220;][\/et_pb_circle_counter][\/et_pb_column][\/et_pb_row][\/et_pb_section][et_pb_section fb_built=&#8220;1&#8243; _builder_version=&#8220;4.24.2&#8243; _module_preset=&#8220;default&#8220; background_color=&#8220;#FFFFFF&#8220; global_colors_info=&#8220;{}&#8220;][et_pb_row _builder_version=&#8220;4.24.2&#8243; _module_preset=&#8220;default&#8220; custom_padding=&#8220;0px|||||&#8220; global_colors_info=&#8220;{}&#8220;][et_pb_column type=&#8220;4_4&#8243; _builder_version=&#8220;4.24.2&#8243; _module_preset=&#8220;default&#8220; global_colors_info=&#8220;{}&#8220;][et_pb_text _builder_version=&#8220;4.24.2&#8243; _module_preset=&#8220;default&#8220; text_font=&#8220;Poppins||||||||&#8220; text_font_size=&#8220;20px&#8220; custom_margin=&#8220;||21px|||&#8220; custom_padding=&#8220;16px||15px|||&#8220; locked=&#8220;off&#8220; global_colors_info=&#8220;{}&#8220;]<\/p>\n<p style=\"text-align: center;\"><strong>B\u1ea1n kh\u00f4ng mu\u1ed1n \u0111\u1ee3i lu\u1eadt s\u1eafp t\u1edbi ra l\u1ec7nh cho b\u1ea1n sao l\u01b0u? Chu\u1ea9n b\u1ecb k\u1ecbp th\u1eddi. Ch\u00fang t\u00f4i c\u00f3 gi\u1ea3i ph\u00e1p!<\/strong><\/p>\n<p>[\/et_pb_text][et_pb_button button_url=&#8220;https:\/\/zalohovaci-automat.cz\/&#8220; button_text=&#8220;Chci v\u011bd\u011bt v\u00edc&#8220; button_alignment=&#8220;center&#8220; _builder_version=&#8220;4.24.2&#8243; _module_preset=&#8220;default&#8220; custom_button=&#8220;on&#8220; button_bg_color=&#8220;#6ac610&#8243; button_border_color=&#8220;RGBA(255,255,255,0)&#8220; background_layout=&#8220;dark&#8220; locked=&#8220;off&#8220; global_colors_info=&#8220;{}&#8220;][\/et_pb_button][\/et_pb_column][\/et_pb_row][\/et_pb_section]<\/p>","protected":false},"excerpt":{"rendered":"<p>KDO?KOHO SE BUDE Z\u00c1LOHOV\u00c1N\u00cd T\u00ddKAT?NEJEN MALOBCHODN\u00cd PRODEJNYVracet z\u00e1lohovan\u00e9 n\u00e1pojov\u00e9 obaly p\u016fjde ve v\u0161ech prodejn\u00e1ch potravin s plochou nad 50 m2 a na \u010derpac\u00edch stanic\u00edch. Celkem by v \u010cesk\u00e9 republice m\u011blo vzniknout t\u00e9m\u011b\u0159 11 000 sb\u011brn\u00fdch m\u00edst. Prodejny s men\u0161\u00ed prodejn\u00ed plochou maj\u00ed mo\u017enost se do syst\u00e9mu zapojit tak\u00e9 dobrovoln\u011b. Sb\u011br bude prob\u00edhat pomoc\u00ed z\u00e1lohovac\u00edch automat\u016f [&hellip;]<\/p>","protected":false},"author":1,"featured_media":0,"parent":0,"menu_order":0,"comment_status":"closed","ping_status":"closed","template":"","meta":{"_et_pb_use_builder":"on","_et_pb_old_content":"","_et_gb_content_width":"","footnotes":""},"class_list":["post-254","page","type-page","status-publish","hentry"],"_links":{"self":[{"href":"https:\/\/zalohovaci-system.cz\/vi\/wp-json\/wp\/v2\/pages\/254","targetHints":{"allow":["GET"]}}],"collection":[{"href":"https:\/\/zalohovaci-system.cz\/vi\/wp-json\/wp\/v2\/pages"}],"about":[{"href":"https:\/\/zalohovaci-system.cz\/vi\/wp-json\/wp\/v2\/types\/page"}],"author":[{"embeddable":true,"href":"https:\/\/zalohovaci-system.cz\/vi\/wp-json\/wp\/v2\/users\/1"}],"replies":[{"embeddable":true,"href":"https:\/\/zalohovaci-system.cz\/vi\/wp-json\/wp\/v2\/comments?post=254"}],"version-history":[{"count":13,"href":"https:\/\/zalohovaci-system.cz\/vi\/wp-json\/wp\/v2\/pages\/254\/revisions"}],"predecessor-version":[{"id":301,"href":"https:\/\/zalohovaci-system.cz\/vi\/wp-json\/wp\/v2\/pages\/254\/revisions\/301"}],"wp:attachment":[{"href":"https:\/\/zalohovaci-system.cz\/vi\/wp-json\/wp\/v2\/media?parent=254"}],"curies":[{"name":"wp","href":"https:\/\/api.w.org\/{rel}","templated":true}]}}