{"id":356,"date":"2025-01-05T14:22:58","date_gmt":"2025-01-05T14:22:58","guid":{"rendered":"https:\/\/zalohovaci-system.cz\/?page_id=356"},"modified":"2025-01-05T14:37:06","modified_gmt":"2025-01-05T14:37:06","slug":"clanky","status":"publish","type":"page","link":"https:\/\/zalohovaci-system.cz\/vi\/clanky\/","title":{"rendered":"\u010cl\u00e1nky"},"content":{"rendered":"<p>[et_pb_section fb_built=&#8220;1&#8243; _builder_version=&#8220;4.24.2&#8243; _module_preset=&#8220;default&#8220; custom_padding=&#8220;||0px|||&#8220; global_colors_info=&#8220;{}&#8220; theme_builder_area=&#8220;post_content&#8220;][et_pb_row _builder_version=&#8220;4.24.2&#8243; _module_preset=&#8220;default&#8220; global_colors_info=&#8220;{}&#8220; theme_builder_area=&#8220;post_content&#8220;][et_pb_column type=&#8220;4_4&#8243; _builder_version=&#8220;4.24.2&#8243; _module_preset=&#8220;default&#8220; global_colors_info=&#8220;{}&#8220; theme_builder_area=&#8220;post_content&#8220;][et_pb_text _builder_version=&#8220;4.24.2&#8243; text_font=&#8220;||||||||&#8220; text_font_size=&#8220;18px&#8220; text_line_height=&#8220;1.8em&#8220; header_font=&#8220;Poppins|700||on|||||&#8220; header_text_color=&#8220;#009640&#8243; header_font_size=&#8220;60px&#8220; header_line_height=&#8220;1.2em&#8220; background_layout=&#8220;dark&#8220; custom_margin=&#8220;||12px|||&#8220; header_font_size_tablet=&#8220;48px&#8220; header_font_size_phone=&#8220;32px&#8220; header_font_size_last_edited=&#8220;on|phone&#8220; header_letter_spacing_tablet=&#8220;0px&#8220; header_letter_spacing_phone=&#8220;&#8220; header_letter_spacing_last_edited=&#8220;on|tablet&#8220; locked=&#8220;off&#8220; global_colors_info=&#8220;{}&#8220; theme_builder_area=&#8220;post_content&#8220;]<\/p>\n<h1>\u010cl\u00e1nky<\/h1>\n<p>[\/et_pb_text][et_pb_text _builder_version=&#8220;4.24.2&#8243; _module_preset=&#8220;default&#8220; text_font=&#8220;Poppins||||||||&#8220; text_font_size=&#8220;20px&#8220; custom_margin=&#8220;||18px|||&#8220; hover_enabled=&#8220;0&#8243; global_colors_info=&#8220;{}&#8220; theme_builder_area=&#8220;post_content&#8220; sticky_enabled=&#8220;0&#8243;]<\/p>\n<p>Chyst\u00e1 se povinn\u00e9 z\u00e1lohov\u00e1n\u00ed PET lahv\u00ed a plechovek. P\u0159ed v\u00fdkupem nema\u010dkat.<\/p>\n<p>[\/et_pb_text][et_pb_button button_url=&#8220;https:\/\/www.echo24.cz\/a\/Hkq5E\/zpravy-domov-mala-revoluce-zalohovani-plast-plechovka-4-koruny-nesmite-zmackat&#8220; button_text=&#8220;V\u00edce informac\u00ed&#8220; _builder_version=&#8220;4.24.2&#8243; _module_preset=&#8220;default&#8220; hover_enabled=&#8220;0&#8243; global_colors_info=&#8220;{}&#8220; theme_builder_area=&#8220;post_content&#8220; sticky_enabled=&#8220;0&#8243;][\/et_pb_button][et_pb_text _builder_version=&#8220;4.24.2&#8243; _module_preset=&#8220;default&#8220; text_font=&#8220;Poppins||||||||&#8220; text_font_size=&#8220;20px&#8220; custom_margin=&#8220;||18px|||&#8220; hover_enabled=&#8220;0&#8243; global_colors_info=&#8220;{}&#8220; theme_builder_area=&#8220;post_content&#8220; sticky_enabled=&#8220;0&#8243;]<\/p>\n<p>Sn\u011bmovn\u00ed interpelace vyplnil spor o z\u00e1lohov\u00e1n\u00ed PET lahv\u00ed a plechovek<\/p>\n<p>[\/et_pb_text][et_pb_button button_url=&#8220;https:\/\/ekolist.cz\/cz\/zpravodajstvi\/zpravy\/snemovni-interpelace-vyplnil-spor-o-zalohovani-pet-lahvi-a-plechovek&#8220; button_text=&#8220;V\u00edce informac\u00ed&#8220; _builder_version=&#8220;4.24.2&#8243; _module_preset=&#8220;default&#8220; hover_enabled=&#8220;0&#8243; global_colors_info=&#8220;{}&#8220; theme_builder_area=&#8220;post_content&#8220; sticky_enabled=&#8220;0&#8243;][\/et_pb_button][et_pb_text _builder_version=&#8220;4.24.2&#8243; _module_preset=&#8220;default&#8220; text_font=&#8220;Poppins||||||||&#8220; text_font_size=&#8220;20px&#8220; custom_margin=&#8220;||18px|||&#8220; hover_enabled=&#8220;0&#8243; global_colors_info=&#8220;{}&#8220; theme_builder_area=&#8220;post_content&#8220; sticky_enabled=&#8220;0&#8243;]<\/p>\n<p>Povinn\u00e9 z\u00e1lohov\u00e1n\u00ed PET lahv\u00ed se nestihne podle pl\u00e1nu.<\/p>\n<p>[\/et_pb_text][et_pb_button button_url=&#8220;https:\/\/www.e15.cz\/videoporady\/flow\/povinne-zalohovani-pet-lahvi-se-nestihne-podle-planu-priznal-poprve-ministr-petr-hladik-1420151&#8243; button_text=&#8220;V\u00edce informac\u00ed&#8220; _builder_version=&#8220;4.24.2&#8243; _module_preset=&#8220;default&#8220; hover_enabled=&#8220;0&#8243; global_colors_info=&#8220;{}&#8220; theme_builder_area=&#8220;post_content&#8220; sticky_enabled=&#8220;0&#8243;][\/et_pb_button][et_pb_text _builder_version=&#8220;4.24.2&#8243; _module_preset=&#8220;default&#8220; text_font=&#8220;Poppins||||||||&#8220; text_font_size=&#8220;20px&#8220; custom_margin=&#8220;||18px|||&#8220; hover_enabled=&#8220;0&#8243; global_colors_info=&#8220;{}&#8220; theme_builder_area=&#8220;post_content&#8220; sticky_enabled=&#8220;0&#8243;]<\/p>\n<p>Sm\u011bsn\u00fd odpad budoucnosti? Zbydou v n\u011bm tak\u0159ka jen pleny, m\u00edn\u00ed expert<\/p>\n<p>[\/et_pb_text][et_pb_button button_url=&#8220;https:\/\/reportermagazin.cz\/81946\/smesny-odpad-budoucnosti-zbydou-v-nem-takrka-jen-pleny-mini-expert\/&#8220; button_text=&#8220;V\u00edce informac\u00ed&#8220; _builder_version=&#8220;4.24.2&#8243; _module_preset=&#8220;default&#8220; hover_enabled=&#8220;0&#8243; global_colors_info=&#8220;{}&#8220; theme_builder_area=&#8220;post_content&#8220; sticky_enabled=&#8220;0&#8243;][\/et_pb_button][et_pb_text _builder_version=&#8220;4.24.2&#8243; _module_preset=&#8220;default&#8220; text_font=&#8220;Poppins||||||||&#8220; text_font_size=&#8220;20px&#8220; custom_margin=&#8220;||18px|||&#8220; hover_enabled=&#8220;0&#8243; global_colors_info=&#8220;{}&#8220; theme_builder_area=&#8220;post_content&#8220; sticky_enabled=&#8220;0&#8243;]<\/p>\n<p>Expertka o nov\u00fdch pravidlech EU: Z\u00e1lohov\u00e1n\u00ed se nevyhneme.<\/p>\n<p>[\/et_pb_text][et_pb_button button_url=&#8220;https:\/\/www.blesk.cz\/clanek\/zpravy-epicentrum\/800578\/expertka-o-novych-pravidlech-eu-zalohovani-se-nevyhneme-a-proc-by-bez-nej-mohly-zdrazit-napoje.html&#8220; button_text=&#8220;V\u00edce informac\u00ed&#8220; _builder_version=&#8220;4.24.2&#8243; _module_preset=&#8220;default&#8220; hover_enabled=&#8220;0&#8243; global_colors_info=&#8220;{}&#8220; theme_builder_area=&#8220;post_content&#8220; sticky_enabled=&#8220;0&#8243;][\/et_pb_button][et_pb_text _builder_version=&#8220;4.24.2&#8243; _module_preset=&#8220;default&#8220; text_font=&#8220;Poppins||||||||&#8220; text_font_size=&#8220;20px&#8220; custom_margin=&#8220;||18px|||&#8220; hover_enabled=&#8220;0&#8243; global_colors_info=&#8220;{}&#8220; theme_builder_area=&#8220;post_content&#8220; sticky_enabled=&#8220;0&#8243;]<\/p>\n<p>Z\u00e1lohov\u00e1n\u00ed n\u00e1pojov\u00fdch obal\u016f se \u010cesku nejsp\u00ed\u0161 nevyhne.<\/p>\n<p>[\/et_pb_text][et_pb_button button_url=&#8220;https:\/\/www.idnes.cz\/finance\/financni-radce\/zalohovani-napojovych-obalu.A241203_135942_viteze_frp&#8220; button_text=&#8220;V\u00edce informac\u00ed&#8220; _builder_version=&#8220;4.24.2&#8243; _module_preset=&#8220;default&#8220; hover_enabled=&#8220;0&#8243; global_colors_info=&#8220;{}&#8220; theme_builder_area=&#8220;post_content&#8220; sticky_enabled=&#8220;0&#8243;][\/et_pb_button][et_pb_text _builder_version=&#8220;4.24.2&#8243; _module_preset=&#8220;default&#8220; text_font=&#8220;Poppins||||||||&#8220; text_font_size=&#8220;20px&#8220; custom_margin=&#8220;||18px|||&#8220; hover_enabled=&#8220;0&#8243; global_colors_info=&#8220;{}&#8220; theme_builder_area=&#8220;post_content&#8220; sticky_enabled=&#8220;0&#8243;]<\/p>\n<p>\u010cesko v tichosti odsouv\u00e1 z\u00e1lohov\u00e1n\u00ed. Povinnosti se v\u0161ak stejn\u011b nevyhne.<\/p>\n<p>[\/et_pb_text][et_pb_button button_url=&#8220;https:\/\/www.echo24.cz\/a\/HpVMH\/cesko-v-tichosti-odsouva-zalohovani-povinnosti-se-vsak-stejne-nevyhne&#8220; button_text=&#8220;V\u00edce informac\u00ed&#8220; _builder_version=&#8220;4.24.2&#8243; _module_preset=&#8220;default&#8220; hover_enabled=&#8220;0&#8243; global_colors_info=&#8220;{}&#8220; theme_builder_area=&#8220;post_content&#8220; sticky_enabled=&#8220;0&#8243;][\/et_pb_button][et_pb_text _builder_version=&#8220;4.24.2&#8243; _module_preset=&#8220;default&#8220; text_font=&#8220;Poppins||||||||&#8220; text_font_size=&#8220;20px&#8220; custom_margin=&#8220;||18px|||&#8220; hover_enabled=&#8220;0&#8243; global_colors_info=&#8220;{}&#8220; theme_builder_area=&#8220;post_content&#8220; sticky_enabled=&#8220;0&#8243;]<\/p>\n<p>Reakce AOS na p\u0159edpokl\u00e1dan\u00e9 zaveden\u00ed z\u00e1lohov\u00e1n\u00ed n\u00e1pojov\u00fdch obal\u016f.<\/p>\n<p>[\/et_pb_text][et_pb_button button_url=&#8220;https:\/\/www.ekokom.cz\/reakce-aos-na-predpokladane-zavedeni-zalohovani-napojovych-obalu\/&#8220; button_text=&#8220;V\u00edce informac\u00ed&#8220; _builder_version=&#8220;4.24.2&#8243; _module_preset=&#8220;default&#8220; hover_enabled=&#8220;0&#8243; global_colors_info=&#8220;{}&#8220; theme_builder_area=&#8220;post_content&#8220; sticky_enabled=&#8220;0&#8243;][\/et_pb_button][et_pb_text _builder_version=&#8220;4.24.2&#8243; _module_preset=&#8220;default&#8220; text_font=&#8220;Poppins||||||||&#8220; text_font_size=&#8220;20px&#8220; custom_margin=&#8220;||18px|||&#8220; hover_enabled=&#8220;0&#8243; global_colors_info=&#8220;{}&#8220; theme_builder_area=&#8220;post_content&#8220; sticky_enabled=&#8220;0&#8243;]<\/p>\n<p>\u010cesko rekordn\u011b zaplat\u00ed za to, \u017ee nerecykluje plasty.<\/p>\n<p>[\/et_pb_text][et_pb_button button_url=&#8220;https:\/\/www.seznamzpravy.cz\/clanek\/ekonomika-byznys-trendy-analyzy-cesko-rekordne-zaplati-za-to-ze-nerecykluje-plasty-263024?fbclid=IwY2xjawHJLWdleHRuA2FlbQIxMAABHdjrLuvWJeK1dCseMeRAVeRtTVhw4uarR3zVZJw4BXtsgTsyyW09eeZuvw_aem_jp_bk1UI7EdUyszGB9fGNw&#8220; button_text=&#8220;V\u00edce informac\u00ed&#8220; _builder_version=&#8220;4.24.2&#8243; _module_preset=&#8220;default&#8220; hover_enabled=&#8220;0&#8243; global_colors_info=&#8220;{}&#8220; theme_builder_area=&#8220;post_content&#8220; sticky_enabled=&#8220;0&#8243;][\/et_pb_button][et_pb_text _builder_version=&#8220;4.24.2&#8243; _module_preset=&#8220;default&#8220; text_font=&#8220;Poppins||||||||&#8220; text_font_size=&#8220;20px&#8220; custom_margin=&#8220;||18px|||&#8220; hover_enabled=&#8220;0&#8243; global_colors_info=&#8220;{}&#8220; theme_builder_area=&#8220;post_content&#8220; sticky_enabled=&#8220;0&#8243;]<\/p>\n<p>Expertka k vratn\u00fdm PET: N\u00e1poj\u00e1\u0159i m\u016f\u017eou zdra\u017eit.<\/p>\n<p>[\/et_pb_text][et_pb_button button_url=&#8220;https:\/\/www.irozhlas.cz\/zpravy-domov\/expertka-k-vratnym-pet-napojari-muzou-zdrazit-zmeny-se-boji-vsichni-ale-je-o_2410290600_nel?fbclid=IwY2xjawHJLWRleHRuA2FlbQIxMAABHdjrLuvWJeK1dCseMeRAVeRtTVhw4uarR3zVZJw4BXtsgTsyyW09eeZuvw_aem_jp_bk1UI7EdUyszGB9fGNw&#8220; button_text=&#8220;V\u00edce informac\u00ed&#8220; _builder_version=&#8220;4.24.2&#8243; _module_preset=&#8220;default&#8220; hover_enabled=&#8220;0&#8243; global_colors_info=&#8220;{}&#8220; theme_builder_area=&#8220;post_content&#8220; sticky_enabled=&#8220;0&#8243;][\/et_pb_button][et_pb_text _builder_version=&#8220;4.24.2&#8243; _module_preset=&#8220;default&#8220; text_font=&#8220;Poppins||||||||&#8220; text_font_size=&#8220;20px&#8220; custom_margin=&#8220;||18px|||&#8220; hover_enabled=&#8220;0&#8243; global_colors_info=&#8220;{}&#8220; theme_builder_area=&#8220;post_content&#8220; sticky_enabled=&#8220;0&#8243;]<\/p>\n<p>\u010cesko bude od ledna ostrovem bez z\u00e1loh. Po\u0161kod\u00ed n\u00e1s to, tvrd\u00ed v\u00fdrobce PET.<\/p>\n<p>[\/et_pb_text][et_pb_button button_url=&#8220;https:\/\/www.seznamzpravy.cz\/clanek\/ekonomika-firmy-cesko-bude-od-ledna-ostrovem-bez-zaloh-poskodi-nas-to-tvrdi-vyrobce-pet-263604?fbclid=IwY2xjawHJLWFleHRuA2FlbQIxMAABHS0M0AXm5CZdkpAuCoQYE1skXDAddW-Rx4kvZXNKKmHLqt0YR4W1q0F1Hw_aem_m2WcjNvfL4eF8Ol02n4_HQ&#8220; button_text=&#8220;V\u00edce informac\u00ed&#8220; _builder_version=&#8220;4.24.2&#8243; _module_preset=&#8220;default&#8220; hover_enabled=&#8220;0&#8243; global_colors_info=&#8220;{}&#8220; theme_builder_area=&#8220;post_content&#8220; sticky_enabled=&#8220;0&#8243;][\/et_pb_button][et_pb_text _builder_version=&#8220;4.24.2&#8243; _module_preset=&#8220;default&#8220; text_font=&#8220;Poppins||||||||&#8220; text_font_size=&#8220;20px&#8220; custom_margin=&#8220;||18px|||&#8220; hover_enabled=&#8220;0&#8243; global_colors_info=&#8220;{}&#8220; theme_builder_area=&#8220;post_content&#8220; sticky_enabled=&#8220;0&#8243;]<\/p>\n<p>Oh\u00e1n\u011bt se funk\u010dnost\u00ed z\u00e1loh na lahve? Lidem nezbude nic jin\u00e9ho, ne\u017e to d\u011blat.<\/p>\n<p>[\/et_pb_text][et_pb_button button_url=&#8220;https:\/\/medium.seznam.cz\/clanek\/mamynka-ohanet-se-funkcnosti-zaloh-na-lahve-lidem-nezbude-nic-jineho-nez-to-delat-96240?utm_campaign&#038;utm_medium=z-boxiku&#038;utm_source=www.seznam.cz&#038;fbclid=IwY2xjawHJLV1leHRuA2FlbQIxMAABHTwi4EH6Owbz4FqhCacgzcYRvFnMBNIXn6d2cWMu6c2IhtAsKUGXdnmaKg_aem_V5ANd8SxIzwTmaFkiDQrfA#dop_ab_variant=0&#038;dop_source_zone_name=blogy.sznhp.box&#038;dop_vert_ab=&#038;dop_vert_id=&#038;source=hp&#038;seq_no=4&#8243; button_text=&#8220;V\u00edce informac\u00ed&#8220; _builder_version=&#8220;4.24.2&#8243; _module_preset=&#8220;default&#8220; hover_enabled=&#8220;0&#8243; global_colors_info=&#8220;{}&#8220; theme_builder_area=&#8220;post_content&#8220; sticky_enabled=&#8220;0&#8243;][\/et_pb_button][et_pb_text _builder_version=&#8220;4.24.2&#8243; _module_preset=&#8220;default&#8220; text_font=&#8220;Poppins||||||||&#8220; text_font_size=&#8220;20px&#8220; custom_margin=&#8220;||18px|||&#8220; hover_enabled=&#8220;0&#8243; global_colors_info=&#8220;{}&#8220; theme_builder_area=&#8220;post_content&#8220; sticky_enabled=&#8220;0&#8243;]<\/p>\n<p>Odpadov\u00e1 bitva o stamiliony a vliv. To je skute\u010dn\u00e1 pravda o z\u00e1lohov\u00e1n\u00ed.<\/p>\n<p>[\/et_pb_text][et_pb_button button_url=&#8220;https:\/\/medium.seznam.cz\/clanek\/jan-flekos-odpadova-a-bitva-o-stamiliony-a-vliv-to-je-skutecna-pravda-o-zalohovani-100359?fbclid=IwY2xjawHJLVVleHRuA2FlbQIxMAABHbJnXGfWOsnX1MzGHOmDFcHXYeUnu9uq27Kl2aAgr4jhyJTJYbsQyLVvDg_aem_56vKTUck63Amq2FZ_D8sCw&#8220; button_text=&#8220;V\u00edce informac\u00ed&#8220; _builder_version=&#8220;4.24.2&#8243; _module_preset=&#8220;default&#8220; hover_enabled=&#8220;0&#8243; global_colors_info=&#8220;{}&#8220; theme_builder_area=&#8220;post_content&#8220; sticky_enabled=&#8220;0&#8243;][\/et_pb_button][et_pb_text _builder_version=&#8220;4.24.2&#8243; _module_preset=&#8220;default&#8220; text_font=&#8220;Poppins||||||||&#8220; text_font_size=&#8220;20px&#8220; custom_margin=&#8220;||18px|||&#8220; hover_enabled=&#8220;0&#8243; global_colors_info=&#8220;{}&#8220; theme_builder_area=&#8220;post_content&#8220; sticky_enabled=&#8220;0&#8243;]<\/p>\n<p>P\u0159ev\u00e1lcuje odpad\u00e1\u0159sk\u00e1 lobby chu\u0165 ve\u0159ejnosti z\u00e1lohovat PET lahve a plechovky?<\/p>\n<p>[\/et_pb_text][et_pb_button button_url=&#8220;https:\/\/ekolist.cz\/cz\/publicistika\/nazory-a-komentare\/eva-tylova-prevalcuje-odpadarska-lobby-chut-verejnosti-zalohovat-pet-lahve-a-plechovky?fbclid=IwY2xjawHJLVdleHRuA2FlbQIxMAABHeIpA4yY6kdZuJD9NcFMA7-MXhlXQPSGlsvTWfsWvQWeChb0c_pFn-i4GA_aem_h-cUgwP_tsmHVtyIDoc-pQ&#8220; button_text=&#8220;V\u00edce informac\u00ed&#8220; _builder_version=&#8220;4.24.2&#8243; _module_preset=&#8220;default&#8220; hover_enabled=&#8220;0&#8243; global_colors_info=&#8220;{}&#8220; theme_builder_area=&#8220;post_content&#8220; sticky_enabled=&#8220;0&#8243;][\/et_pb_button][et_pb_text _builder_version=&#8220;4.24.2&#8243; _module_preset=&#8220;default&#8220; text_font=&#8220;Poppins||||||||&#8220; text_font_size=&#8220;20px&#8220; custom_margin=&#8220;||18px|||&#8220; hover_enabled=&#8220;0&#8243; global_colors_info=&#8220;{}&#8220; theme_builder_area=&#8220;post_content&#8220; sticky_enabled=&#8220;0&#8243;]<\/p>\n<p>Kdo se stav\u00ed proti z\u00e1lohov\u00e1n\u00ed a jak\u00e9 m\u00e1 pohnutky?<\/p>\n<p>[\/et_pb_text][et_pb_button button_url=&#8220;https:\/\/ekolist.cz\/cz\/publicistika\/nazory-a-komentare\/eva-tylova-kdo-se-stavi-proti-zalohovani-a-jake-ma-pohnutky?fbclid=IwY2xjawHJLVpleHRuA2FlbQIxMAABHTwi4EH6Owbz4FqhCacgzcYRvFnMBNIXn6d2cWMu6c2IhtAsKUGXdnmaKg_aem_V5ANd8SxIzwTmaFkiDQrfA&#8220; button_text=&#8220;V\u00edce informac\u00ed&#8220; _builder_version=&#8220;4.24.2&#8243; _module_preset=&#8220;default&#8220; hover_enabled=&#8220;0&#8243; global_colors_info=&#8220;{}&#8220; theme_builder_area=&#8220;post_content&#8220; sticky_enabled=&#8220;0&#8243;][\/et_pb_button][et_pb_text _builder_version=&#8220;4.24.2&#8243; _module_preset=&#8220;default&#8220; text_font=&#8220;Poppins||||||||&#8220; text_font_size=&#8220;20px&#8220; custom_margin=&#8220;||18px|||&#8220; hover_enabled=&#8220;0&#8243; global_colors_info=&#8220;{}&#8220; theme_builder_area=&#8220;post_content&#8220; sticky_enabled=&#8220;0&#8243;]<\/p>\n<p>Co v\u00edte o plastech?<\/p>\n<p>[\/et_pb_text][et_pb_button button_url=&#8220;https:\/\/www.replastuj.cz\/&#8220; button_text=&#8220;V\u00edce informac\u00ed&#8220; _builder_version=&#8220;4.24.2&#8243; _module_preset=&#8220;default&#8220; hover_enabled=&#8220;0&#8243; global_colors_info=&#8220;{}&#8220; theme_builder_area=&#8220;post_content&#8220; sticky_enabled=&#8220;0&#8243;][\/et_pb_button][\/et_pb_column][\/et_pb_row][\/et_pb_section]<\/p>","protected":false},"excerpt":{"rendered":"<p>\u010cl\u00e1nkyChyst\u00e1 se povinn\u00e9 z\u00e1lohov\u00e1n\u00ed PET lahv\u00ed a plechovek. P\u0159ed v\u00fdkupem nema\u010dkat.Sn\u011bmovn\u00ed interpelace vyplnil spor o z\u00e1lohov\u00e1n\u00ed PET lahv\u00ed a plechovekPovinn\u00e9 z\u00e1lohov\u00e1n\u00ed PET lahv\u00ed se nestihne podle pl\u00e1nu.Sm\u011bsn\u00fd odpad budoucnosti? Zbydou v n\u011bm tak\u0159ka jen pleny, m\u00edn\u00ed expertExpertka o nov\u00fdch pravidlech EU: Z\u00e1lohov\u00e1n\u00ed se nevyhneme.Z\u00e1lohov\u00e1n\u00ed n\u00e1pojov\u00fdch obal\u016f se \u010cesku nejsp\u00ed\u0161 nevyhne.\u010cesko v tichosti odsouv\u00e1 z\u00e1lohov\u00e1n\u00ed. Povinnosti [&hellip;]<\/p>","protected":false},"author":1,"featured_media":0,"parent":0,"menu_order":0,"comment_status":"closed","ping_status":"closed","template":"","meta":{"_et_pb_use_builder":"on","_et_pb_old_content":"","_et_gb_content_width":"","footnotes":""},"class_list":["post-356","page","type-page","status-publish","hentry"],"_links":{"self":[{"href":"https:\/\/zalohovaci-system.cz\/vi\/wp-json\/wp\/v2\/pages\/356","targetHints":{"allow":["GET"]}}],"collection":[{"href":"https:\/\/zalohovaci-system.cz\/vi\/wp-json\/wp\/v2\/pages"}],"about":[{"href":"https:\/\/zalohovaci-system.cz\/vi\/wp-json\/wp\/v2\/types\/page"}],"author":[{"embeddable":true,"href":"https:\/\/zalohovaci-system.cz\/vi\/wp-json\/wp\/v2\/users\/1"}],"replies":[{"embeddable":true,"href":"https:\/\/zalohovaci-system.cz\/vi\/wp-json\/wp\/v2\/comments?post=356"}],"version-history":[{"count":4,"href":"https:\/\/zalohovaci-system.cz\/vi\/wp-json\/wp\/v2\/pages\/356\/revisions"}],"predecessor-version":[{"id":361,"href":"https:\/\/zalohovaci-system.cz\/vi\/wp-json\/wp\/v2\/pages\/356\/revisions\/361"}],"wp:attachment":[{"href":"https:\/\/zalohovaci-system.cz\/vi\/wp-json\/wp\/v2\/media?parent=356"}],"curies":[{"name":"wp","href":"https:\/\/api.w.org\/{rel}","templated":true}]}}